{"id":2839,"date":"2024-04-22T08:23:46","date_gmt":"2024-04-22T06:23:46","guid":{"rendered":"https:\/\/oin.at\/?page_id=2839"},"modified":"2024-05-01T23:40:15","modified_gmt":"2024-05-01T21:40:15","slug":"monumentofhope","status":"publish","type":"page","link":"https:\/\/oin.at\/en\/projekte\/monumentofhope","title":{"rendered":"Monument of Hope"},"content":{"rendered":"<section id=\"about\" class=\"vc_row wpb_row vc_row-fluid clear_sec vc_column-gap-1\" style=\"color: \"><div class=\"spe_about fixpadding_left wpb_column vc_column_container vc_col-sm-8 vc_col-lg-6 vc_col-md-6 vc_col-has-fill\"><div class=\"vc_column-inner vc_custom_1612803860439\"><div class=\"wpb_wrapper\"><div class=\"events_heading text-left oin__heading\">\n<h2>Monument of Hope \u2013 World Tour<\/h2>\n<h5>Was wir Menschen in einer Zeit wie dieser brauchen ist Hoffnung.<\/h5>\n<hr\/><\/div>\n\t<div class=\"wpb_text_column wpb_content_element  about_info\" >\n\t\t<div class=\"wpb_wrapper\">\n\t\t\t<p><em><span style=\"color: #ff9900;\">Das Monument of Hope<\/span><\/em><\/p>\n<div>Ein Kunstwerk, eine 6 Meter hohe und 1,4 Tonnen Schwere Bronzeskulptur als Symbol der Hoffnung reist um die Welt zu einigen der inspirierendsten und bedeutendsten Orte der Menschheit und unserer Zivilisation \u2013 und an solche, die Heilung dringend n\u00f6tig haben.<\/div>\n<div>Das Monument of Hope reist um die Welt \u2013 aufgeladen mit der positiven Energie, den W\u00fcnschen und Hoffnungen all jener Menschen, die das Kunstwerk ber\u00fchren oder von ihm ber\u00fchrt werden. Es tr\u00e4gt die Botschaft der Freiheit, Liebe, des Friedens und Mitgef\u00fchls in sich. <a href=\"https:\/\/monument-of-hope.org\">https:\/\/monument-of-hope.org<\/a><br \/>\nBei der Pr\u00e4sentation wird erstmals das 6 Meter hohe und 1,4 Tonnen schwere Monument of Hope enth\u00fcllt, eine Bronzeskulptur in Form einer geschwungenen Lemniskate.<br \/>\nEine originalgetreue Abbildung der Lemniskate aus Holz des K\u00fcnstlers Emmerich Weissenberger stand \u00fcber ein Jahr lang nach einstimmigem Beschluss des \u00f6sterreichischen Parlaments auf dem Wiener Heldenplatz vor dem tempor\u00e4ren Ausweichquartier des Parlaments und Sitz der Bundesregierung. Letztes Jahr wurde die Holz-Lemniskate vom Sozialunternehmer und Sammler Martin Essl der Universit\u00e4tsklinik Wien geschenkt und steht nun vor dem Haupteingang des AKH, gewidmet allen Heldinnen und Helden im Kampf gegen die Corona-Pandemie.<br \/>\nWir bringen das Monument of Hope in Bronze als Symbol, als Heilwerkzeug f\u00fcr Frieden und Hoffnung an die Salzburger Festspiele 2024, danach nach Rom, Princeton, Jerusalem, Kiew, Dharamsala, an inspirierende und bed\u00fcrftige Orte an denen das Monument of Hope wirken kann.<\/div>\n\n\t\t<\/div>\n\t<\/div>\n<\/div><\/div><\/div><div class=\"wpb_column vc_column_container vc_col-sm-4\"><div class=\"vc_column-inner\"><div class=\"wpb_wrapper\"><div class=\"wpb_gallery wpb_content_element vc_clearfix\" ><div class=\"wpb_wrapper\"><div class=\"wpb_gallery_slides wpb_flexslider flexslider_fade flexslider\" data-interval=\"3\" data-flex_fx=\"fade\"><ul class=\"slides\"><li><img fetchpriority=\"high\" decoding=\"async\" width=\"683\" height=\"1024\" src=\"https:\/\/oin.at\/wp-content\/uploads\/2024\/04\/Untitled-design-3-683x1024.png\" class=\"attachment-large\" alt=\"\" srcset=\"https:\/\/oin.at\/wp-content\/uploads\/2024\/04\/Untitled-design-3-683x1024.png 683w, https:\/\/oin.at\/wp-content\/uploads\/2024\/04\/Untitled-design-3-200x300.png 200w, https:\/\/oin.at\/wp-content\/uploads\/2024\/04\/Untitled-design-3-768x1151.png 768w, https:\/\/oin.at\/wp-content\/uploads\/2024\/04\/Untitled-design-3-8x12.png 8w, https:\/\/oin.at\/wp-content\/uploads\/2024\/04\/Untitled-design-3.png 854w\" sizes=\"(max-width: 683px) 100vw, 683px\" \/><\/li><li><img decoding=\"async\" width=\"1024\" height=\"768\" src=\"https:\/\/oin.at\/wp-content\/uploads\/2024\/04\/Untitled-design-1-1024x768.png\" class=\"attachment-large\" alt=\"\" srcset=\"https:\/\/oin.at\/wp-content\/uploads\/2024\/04\/Untitled-design-1-1024x768.png 1024w, https:\/\/oin.at\/wp-content\/uploads\/2024\/04\/Untitled-design-1-300x225.png 300w, https:\/\/oin.at\/wp-content\/uploads\/2024\/04\/Untitled-design-1-768x576.png 768w, https:\/\/oin.at\/wp-content\/uploads\/2024\/04\/Untitled-design-1-16x12.png 16w, https:\/\/oin.at\/wp-content\/uploads\/2024\/04\/Untitled-design-1.png 1280w\" sizes=\"(max-width: 1024px) 100vw, 1024px\" \/><\/li><li><img decoding=\"async\" width=\"1024\" height=\"683\" src=\"https:\/\/oin.at\/wp-content\/uploads\/2024\/04\/Untitled-design-2-1024x683.png\" class=\"attachment-large\" alt=\"\" srcset=\"https:\/\/oin.at\/wp-content\/uploads\/2024\/04\/Untitled-design-2-1024x683.png 1024w, https:\/\/oin.at\/wp-content\/uploads\/2024\/04\/Untitled-design-2-300x200.png 300w, https:\/\/oin.at\/wp-content\/uploads\/2024\/04\/Untitled-design-2-768x512.png 768w, https:\/\/oin.at\/wp-content\/uploads\/2024\/04\/Untitled-design-2-391x260.png 391w, https:\/\/oin.at\/wp-content\/uploads\/2024\/04\/Untitled-design-2-18x12.png 18w, https:\/\/oin.at\/wp-content\/uploads\/2024\/04\/Untitled-design-2.png 1280w\" sizes=\"(max-width: 1024px) 100vw, 1024px\" \/><\/li><li><img loading=\"lazy\" decoding=\"async\" width=\"683\" height=\"1024\" src=\"https:\/\/oin.at\/wp-content\/uploads\/2024\/04\/Untitled-design-683x1024.png\" class=\"attachment-large\" alt=\"\" srcset=\"https:\/\/oin.at\/wp-content\/uploads\/2024\/04\/Untitled-design-683x1024.png 683w, https:\/\/oin.at\/wp-content\/uploads\/2024\/04\/Untitled-design-200x300.png 200w, https:\/\/oin.at\/wp-content\/uploads\/2024\/04\/Untitled-design-768x1151.png 768w, https:\/\/oin.at\/wp-content\/uploads\/2024\/04\/Untitled-design-8x12.png 8w, https:\/\/oin.at\/wp-content\/uploads\/2024\/04\/Untitled-design.png 854w\" sizes=\"(max-width: 683px) 100vw, 683px\" \/><\/li><li><img loading=\"lazy\" decoding=\"async\" width=\"683\" height=\"1024\" src=\"https:\/\/oin.at\/wp-content\/uploads\/2024\/04\/mOF3-683x1024.jpeg\" class=\"attachment-large\" alt=\"\" srcset=\"https:\/\/oin.at\/wp-content\/uploads\/2024\/04\/mOF3-683x1024.jpeg 683w, https:\/\/oin.at\/wp-content\/uploads\/2024\/04\/mOF3-200x300.jpeg 200w, https:\/\/oin.at\/wp-content\/uploads\/2024\/04\/mOF3-768x1151.jpeg 768w, https:\/\/oin.at\/wp-content\/uploads\/2024\/04\/mOF3-1025x1536.jpeg 1025w, https:\/\/oin.at\/wp-content\/uploads\/2024\/04\/mOF3-8x12.jpeg 8w, https:\/\/oin.at\/wp-content\/uploads\/2024\/04\/mOF3.jpeg 1280w\" sizes=\"(max-width: 683px) 100vw, 683px\" \/><\/li><li><img loading=\"lazy\" decoding=\"async\" width=\"1024\" height=\"768\" src=\"https:\/\/oin.at\/wp-content\/uploads\/2024\/04\/IMG_0788-1024x768.jpeg\" class=\"attachment-large\" alt=\"\" srcset=\"https:\/\/oin.at\/wp-content\/uploads\/2024\/04\/IMG_0788-1024x768.jpeg 1024w, https:\/\/oin.at\/wp-content\/uploads\/2024\/04\/IMG_0788-300x225.jpeg 300w, https:\/\/oin.at\/wp-content\/uploads\/2024\/04\/IMG_0788-768x576.jpeg 768w, https:\/\/oin.at\/wp-content\/uploads\/2024\/04\/IMG_0788-16x12.jpeg 16w, https:\/\/oin.at\/wp-content\/uploads\/2024\/04\/IMG_0788.jpeg 1280w\" sizes=\"(max-width: 1024px) 100vw, 1024px\" \/><\/li><li><img loading=\"lazy\" decoding=\"async\" width=\"1024\" height=\"683\" src=\"https:\/\/oin.at\/wp-content\/uploads\/2024\/04\/KiA\u00a1llA\u00adtA\u00a1s20240309-DSC_4477-Edit-1024x683.jpeg\" class=\"attachment-large\" alt=\"\" srcset=\"https:\/\/oin.at\/wp-content\/uploads\/2024\/04\/KiA\u00a1llA\u00adtA\u00a1s20240309-DSC_4477-Edit-1024x683.jpeg 1024w, https:\/\/oin.at\/wp-content\/uploads\/2024\/04\/KiA\u00a1llA\u00adtA\u00a1s20240309-DSC_4477-Edit-300x200.jpeg 300w, https:\/\/oin.at\/wp-content\/uploads\/2024\/04\/KiA\u00a1llA\u00adtA\u00a1s20240309-DSC_4477-Edit-768x512.jpeg 768w, https:\/\/oin.at\/wp-content\/uploads\/2024\/04\/KiA\u00a1llA\u00adtA\u00a1s20240309-DSC_4477-Edit-391x260.jpeg 391w, https:\/\/oin.at\/wp-content\/uploads\/2024\/04\/KiA\u00a1llA\u00adtA\u00a1s20240309-DSC_4477-Edit-18x12.jpeg 18w, https:\/\/oin.at\/wp-content\/uploads\/2024\/04\/KiA\u00a1llA\u00adtA\u00a1s20240309-DSC_4477-Edit.jpeg 1280w\" sizes=\"(max-width: 1024px) 100vw, 1024px\" \/><\/li><li><img loading=\"lazy\" decoding=\"async\" width=\"683\" height=\"1024\" src=\"https:\/\/oin.at\/wp-content\/uploads\/2024\/04\/KiA\u00a1llA\u00adtA\u00a1s20240309-DSC_4507-Edit-683x1024.jpeg\" class=\"attachment-large\" alt=\"\" srcset=\"https:\/\/oin.at\/wp-content\/uploads\/2024\/04\/KiA\u00a1llA\u00adtA\u00a1s20240309-DSC_4507-Edit-683x1024.jpeg 683w, https:\/\/oin.at\/wp-content\/uploads\/2024\/04\/KiA\u00a1llA\u00adtA\u00a1s20240309-DSC_4507-Edit-200x300.jpeg 200w, https:\/\/oin.at\/wp-content\/uploads\/2024\/04\/KiA\u00a1llA\u00adtA\u00a1s20240309-DSC_4507-Edit-768x1151.jpeg 768w, https:\/\/oin.at\/wp-content\/uploads\/2024\/04\/KiA\u00a1llA\u00adtA\u00a1s20240309-DSC_4507-Edit-8x12.jpeg 8w, https:\/\/oin.at\/wp-content\/uploads\/2024\/04\/KiA\u00a1llA\u00adtA\u00a1s20240309-DSC_4507-Edit.jpeg 854w\" sizes=\"(max-width: 683px) 100vw, 683px\" \/><\/li><\/ul><\/div><\/div><\/div><\/div><\/div><\/div><\/section><section data-vc-parallax=\"1.5\" data-vc-parallax-image=\"https:\/\/oin.at\/wp-content\/uploads\/2015\/10\/Event_22.jpg\" class=\"vc_row wpb_row vc_row-fluid vc_row-has-fill vc_general vc_parallax vc_parallax-content-moving\" style=\"color: #ffffff\"><div class=\"patter_bg\" style=\"background-color:#63acf1; opacity:0.7\" ><\/div><div class=\"container\"><div class=\"row\"><div class=\"wpb_column vc_column_container vc_col-sm-12 vc_hidden-lg vc_hidden-md vc_hidden-sm vc_hidden-xs\"><div class=\"vc_column-inner vc_custom_1453880029060\"><div class=\"wpb_wrapper\"><div class=\"events_heading text-center white_text\">\n<h2>What Theme Say<\/h2>\n<h3>Read what the previous attendees had to say !<\/h3>\n<hr\/><\/div><\/div><\/div><\/div><div class=\"wpb_column vc_column_container vc_col-sm-12 vc_hidden-lg vc_hidden-md vc_hidden-sm vc_hidden-xs\"><div class=\"vc_column-inner vc_custom_1453879980427\"><div class=\"wpb_wrapper\">\n    <div>\n      <div  class=\"owl-carousel events_twitter  twitter_wrap\" data-count=\"3\"  data-duration=\"3000\" data-autoplay=\"true\" data-dots=\"true\" data-loop=\"true\">\n      <div class=\"twitter-wjs\">\n            <blockquote class=\"twitter-tweet\">\n            <a href=\"https:\/\/twitter.com\/Max_Carnahan\/status\/667425425019285504\">\n            <\/a>\n            <\/blockquote>\n            <\/div>\n            <div class=\"twitter-wjs\">\n            <blockquote class=\"twitter-tweet\">\n            <a href=\"https:\/\/twitter.com\/Max_Carnahan\/status\/667812577401925632\">\n            <\/a>\n            <\/blockquote>\n            <\/div>\n            <div class=\"twitter-wjs\">\n            <blockquote class=\"twitter-tweet\">\n            <a href=\"https:\/\/twitter.com\/Max_Carnahan\/status\/663764737113493504\">\n            <\/a>\n            <\/blockquote>\n            <\/div>\n            <div class=\"twitter-wjs\">\n            <blockquote class=\"twitter-tweet\">\n            <a href=\"https:\/\/twitter.com\/Max_Carnahan\/status\/663502824483909633\">\n            <\/a>\n            <\/blockquote>\n            <\/div>\n            \n    <\/div><\/div>\n    <\/div><\/div><\/div><\/div><\/div><\/section>","protected":false},"excerpt":{"rendered":"Monument of Hope \u2013 World Tour Was wir Menschen in einer Zeit wie dieser brauchen ist Hoffnung. Das Monument of Hope Ein Kunstwerk, eine 6 Meter hohe und 1,4 Tonnen Schwere Bronzeskulptur als Symbol der Hoffnung reist um die Welt zu einigen der inspirierendsten und bedeutendsten Orte der Menschheit und unserer Zivilisation \u2013 und an [...]","protected":false},"author":8,"featured_media":0,"parent":2131,"menu_order":0,"comment_status":"closed","ping_status":"closed","template":"templates\/visualcomposer_template.php","meta":{"_mi_skip_tracking":false,"_monsterinsights_sitenote_active":false,"_monsterinsights_sitenote_note":"","_monsterinsights_sitenote_category":0,"footnotes":""},"folder":[60],"class_list":["post-2839","page","type-page","status-publish","hentry"],"yoast_head":"<!-- This site is optimized with the Yoast SEO Premium plugin v16.5 (Yoast SEO v20.13) - https:\/\/yoast.com\/wordpress\/plugins\/seo\/ -->\n<title>Monument of Hope - \u00d6IN Nachhaltigkeit Projekt<\/title>\n<meta name=\"description\" content=\"Las Mercedes: Das Klimaschutz- und Kunstprojekt des \u00d6IN und ArtEmbassy in Kolumbien.\" \/>\n<meta name=\"robots\" content=\"index, follow, max-snippet:-1, max-image-preview:large, max-video-preview:-1\" \/>\n<link rel=\"canonical\" href=\"https:\/\/oin.at\/en\/projekte\/monumentofhope\/\" \/>\n<meta property=\"og:locale\" content=\"en_GB\" \/>\n<meta property=\"og:type\" content=\"article\" \/>\n<meta property=\"og:title\" content=\"Monument of Hope\" \/>\n<meta property=\"og:description\" content=\"Las Mercedes: Das Klimaschutz- und Kunstprojekt des \u00d6IN und ArtEmbassy in Kolumbien.\" \/>\n<meta property=\"og:url\" content=\"https:\/\/oin.at\/en\/projekte\/monumentofhope\/\" \/>\n<meta property=\"og:site_name\" content=\"\u00d6IN\" \/>\n<meta property=\"article:modified_time\" content=\"2024-05-01T21:40:15+00:00\" \/>\n<meta name=\"twitter:card\" content=\"summary_large_image\" \/>\n<meta name=\"twitter:label1\" content=\"Estimated reading time\" \/>\n\t<meta name=\"twitter:data1\" content=\"4 minutes\" \/>\n<script type=\"application\/ld+json\" class=\"yoast-schema-graph\">{\"@context\":\"https:\/\/schema.org\",\"@graph\":[{\"@type\":\"WebPage\",\"@id\":\"https:\/\/oin.at\/projekte\/monumentofhope\",\"url\":\"https:\/\/oin.at\/projekte\/monumentofhope\",\"name\":\"Monument of Hope - \u00d6IN Nachhaltigkeit Projekt\",\"isPartOf\":{\"@id\":\"https:\/\/oin.at\/#website\"},\"datePublished\":\"2024-04-22T06:23:46+00:00\",\"dateModified\":\"2024-05-01T21:40:15+00:00\",\"description\":\"Las Mercedes: Das Klimaschutz- und Kunstprojekt des \u00d6IN und ArtEmbassy in Kolumbien.\",\"breadcrumb\":{\"@id\":\"https:\/\/oin.at\/projekte\/monumentofhope#breadcrumb\"},\"inLanguage\":\"en-GB\",\"potentialAction\":[{\"@type\":\"ReadAction\",\"target\":[\"https:\/\/oin.at\/projekte\/monumentofhope\"]}]},{\"@type\":\"BreadcrumbList\",\"@id\":\"https:\/\/oin.at\/projekte\/monumentofhope#breadcrumb\",\"itemListElement\":[{\"@type\":\"ListItem\",\"position\":1,\"name\":\"Startseite\",\"item\":\"https:\/\/oin.at\/\"},{\"@type\":\"ListItem\",\"position\":2,\"name\":\"Projekte\",\"item\":\"https:\/\/oin.at\/projekte\"},{\"@type\":\"ListItem\",\"position\":3,\"name\":\"Monument of Hope\"}]},{\"@type\":\"WebSite\",\"@id\":\"https:\/\/oin.at\/#website\",\"url\":\"https:\/\/oin.at\/\",\"name\":\"\u00d6IN\",\"description\":\"Institut f\u00fcr Nachhaltige Entwicklung\",\"publisher\":{\"@id\":\"https:\/\/oin.at\/#organization\"},\"potentialAction\":[{\"@type\":\"SearchAction\",\"target\":{\"@type\":\"EntryPoint\",\"urlTemplate\":\"https:\/\/oin.at\/?s={search_term_string}\"},\"query-input\":\"required name=search_term_string\"}],\"inLanguage\":\"en-GB\"},{\"@type\":\"Organization\",\"@id\":\"https:\/\/oin.at\/#organization\",\"name\":\"\u00d6IN | \u00d6sterreichisches Institut f\u00fcr Nachhaltige Entwicklung\",\"url\":\"https:\/\/oin.at\/\",\"logo\":{\"@type\":\"ImageObject\",\"inLanguage\":\"en-GB\",\"@id\":\"https:\/\/oin.at\/#\/schema\/logo\/image\/\",\"url\":\"https:\/\/oin.at\/wp-content\/uploads\/2021\/03\/oinLogo_dt-CMYK-1-e1612797598919.png\",\"contentUrl\":\"https:\/\/oin.at\/wp-content\/uploads\/2021\/03\/oinLogo_dt-CMYK-1-e1612797598919.png\",\"width\":225,\"height\":54,\"caption\":\"\u00d6IN | \u00d6sterreichisches Institut f\u00fcr Nachhaltige Entwicklung\"},\"image\":{\"@id\":\"https:\/\/oin.at\/#\/schema\/logo\/image\/\"}}]}<\/script>\n<!-- \/ Yoast SEO Premium plugin. -->","yoast_head_json":{"title":"Monument of Hope - \u00d6IN Nachhaltigkeit Projekt","description":"Las Mercedes: Das Klimaschutz- und Kunstprojekt des \u00d6IN und ArtEmbassy in Kolumbien.","robots":{"index":"index","follow":"follow","max-snippet":"max-snippet:-1","max-image-preview":"max-image-preview:large","max-video-preview":"max-video-preview:-1"},"canonical":"https:\/\/oin.at\/en\/projekte\/monumentofhope\/","og_locale":"en_GB","og_type":"article","og_title":"Monument of Hope","og_description":"Las Mercedes: Das Klimaschutz- und Kunstprojekt des \u00d6IN und ArtEmbassy in Kolumbien.","og_url":"https:\/\/oin.at\/en\/projekte\/monumentofhope\/","og_site_name":"\u00d6IN","article_modified_time":"2024-05-01T21:40:15+00:00","twitter_card":"summary_large_image","twitter_misc":{"Estimated reading time":"4 minutes"},"schema":{"@context":"https:\/\/schema.org","@graph":[{"@type":"WebPage","@id":"https:\/\/oin.at\/projekte\/monumentofhope","url":"https:\/\/oin.at\/projekte\/monumentofhope","name":"Monument of Hope - \u00d6IN Nachhaltigkeit Projekt","isPartOf":{"@id":"https:\/\/oin.at\/#website"},"datePublished":"2024-04-22T06:23:46+00:00","dateModified":"2024-05-01T21:40:15+00:00","description":"Las Mercedes: Das Klimaschutz- und Kunstprojekt des \u00d6IN und ArtEmbassy in Kolumbien.","breadcrumb":{"@id":"https:\/\/oin.at\/projekte\/monumentofhope#breadcrumb"},"inLanguage":"en-GB","potentialAction":[{"@type":"ReadAction","target":["https:\/\/oin.at\/projekte\/monumentofhope"]}]},{"@type":"BreadcrumbList","@id":"https:\/\/oin.at\/projekte\/monumentofhope#breadcrumb","itemListElement":[{"@type":"ListItem","position":1,"name":"Startseite","item":"https:\/\/oin.at\/"},{"@type":"ListItem","position":2,"name":"Projekte","item":"https:\/\/oin.at\/projekte"},{"@type":"ListItem","position":3,"name":"Monument of Hope"}]},{"@type":"WebSite","@id":"https:\/\/oin.at\/#website","url":"https:\/\/oin.at\/","name":"\u00d6IN","description":"Institut f\u00fcr Nachhaltige Entwicklung","publisher":{"@id":"https:\/\/oin.at\/#organization"},"potentialAction":[{"@type":"SearchAction","target":{"@type":"EntryPoint","urlTemplate":"https:\/\/oin.at\/?s={search_term_string}"},"query-input":"required name=search_term_string"}],"inLanguage":"en-GB"},{"@type":"Organization","@id":"https:\/\/oin.at\/#organization","name":"\u00d6IN | \u00d6sterreichisches Institut f\u00fcr Nachhaltige Entwicklung","url":"https:\/\/oin.at\/","logo":{"@type":"ImageObject","inLanguage":"en-GB","@id":"https:\/\/oin.at\/#\/schema\/logo\/image\/","url":"https:\/\/oin.at\/wp-content\/uploads\/2021\/03\/oinLogo_dt-CMYK-1-e1612797598919.png","contentUrl":"https:\/\/oin.at\/wp-content\/uploads\/2021\/03\/oinLogo_dt-CMYK-1-e1612797598919.png","width":225,"height":54,"caption":"\u00d6IN | \u00d6sterreichisches Institut f\u00fcr Nachhaltige Entwicklung"},"image":{"@id":"https:\/\/oin.at\/#\/schema\/logo\/image\/"}}]}},"_links":{"self":[{"href":"https:\/\/oin.at\/en\/wp-json\/wp\/v2\/pages\/2839","targetHints":{"allow":["GET"]}}],"collection":[{"href":"https:\/\/oin.at\/en\/wp-json\/wp\/v2\/pages"}],"about":[{"href":"https:\/\/oin.at\/en\/wp-json\/wp\/v2\/types\/page"}],"author":[{"embeddable":true,"href":"https:\/\/oin.at\/en\/wp-json\/wp\/v2\/users\/8"}],"replies":[{"embeddable":true,"href":"https:\/\/oin.at\/en\/wp-json\/wp\/v2\/comments?post=2839"}],"version-history":[{"count":13,"href":"https:\/\/oin.at\/en\/wp-json\/wp\/v2\/pages\/2839\/revisions"}],"predecessor-version":[{"id":2864,"href":"https:\/\/oin.at\/en\/wp-json\/wp\/v2\/pages\/2839\/revisions\/2864"}],"up":[{"embeddable":true,"href":"https:\/\/oin.at\/en\/wp-json\/wp\/v2\/pages\/2131"}],"wp:attachment":[{"href":"https:\/\/oin.at\/en\/wp-json\/wp\/v2\/media?parent=2839"}],"wp:term":[{"taxonomy":"folder","embeddable":true,"href":"https:\/\/oin.at\/en\/wp-json\/wp\/v2\/folder?post=2839"}],"curies":[{"name":"wp","href":"https:\/\/api.w.org\/{rel}","templated":true}]}}