{"id":2400,"date":"2021-07-14T14:59:24","date_gmt":"2021-07-14T12:59:24","guid":{"rendered":"https:\/\/oin.at\/?page_id=2400"},"modified":"2021-07-14T14:59:24","modified_gmt":"2021-07-14T12:59:24","slug":"klimahaushalt_en","status":"publish","type":"page","link":"https:\/\/oin.at\/en\/projekte\/klimahaushalt_en","title":{"rendered":"KLIMAHAUSHALT(EN)"},"content":{"rendered":"<section id=\"home\" class=\"vc_row wpb_row vc_row-fluid vc_custom_1449804203564\" style=\"color: \"><div class=\"wpb_column vc_column_container vc_col-sm-12\"><div class=\"vc_column-inner vc_custom_1444218377317\"><div class=\"wpb_wrapper\">\n\t\t\t<!-- START Klimahaushalten REVOLUTION SLIDER 6.6.15 --><p class=\"rs-p-wp-fix\"><\/p>\n\t\t\t<rs-module-wrap id=\"rev_slider_29_1_wrapper\" data-source=\"gallery\" style=\"visibility:hidden;background:transparent;padding:0;margin:0px auto;margin-top:0;margin-bottom:0;\">\n\t\t\t\t<rs-module id=\"rev_slider_29_1\" style=\"\" data-version=\"6.6.15\">\n\t\t\t\t\t<rs-slides style=\"overflow: hidden; position: absolute;\">\n\t\t\t\t\t\t<rs-slide style=\"position: absolute;\" data-key=\"rs-87\" data-title=\"Intro\" data-anim=\"adpr:false;ms:2000;\" data-in=\"o:-0.5;sx:1.6;sy:1.6;e:power4.inOut;\" data-out=\"o:0;sx:0.6;sy:0.6;e:power4.inOut;\">\n\t\t\t\t\t\t\t<img fetchpriority=\"high\" decoding=\"async\" src=\"\/\/oin.at\/wp-content\/plugins\/revslider\/public\/assets\/assets\/dummy.png\" alt=\"\" title=\"hitzewelle-klimanotstand\" width=\"960\" height=\"540\" class=\"rev-slidebg tp-rs-img rs-lazyload\" data-lazyload=\"\/\/oin.at\/wp-content\/uploads\/2021\/03\/hitzewelle-klimanotstand.jpg\" data-parallax=\"10\" data-no-retina>\n<!--\n\t\t\t\t\t\t\t--><rs-layer\n\t\t\t\t\t\t\t\tid=\"slider-29-slide-87-layer-1\" \n\t\t\t\t\t\t\t\tclass=\"NotGeneric-Title\"\n\t\t\t\t\t\t\t\tdata-type=\"text\"\n\t\t\t\t\t\t\t\tdata-color=\"rgba(255,255,255,1)\"\n\t\t\t\t\t\t\t\tdata-tsh=\"c:rgba(0,0,0,0.75);v:10px,8px,6px,3px;b:10px,8px,6px,3px;\"\n\t\t\t\t\t\t\t\tdata-rsp_ch=\"on\"\n\t\t\t\t\t\t\t\tdata-xy=\"x:c;xo:-205px,-169px,-128px,-78px;y:m;yo:-163px,-134px,-101px,-62px;\"\n\t\t\t\t\t\t\t\tdata-text=\"s:70,57,43,26;l:70,57,43,26;fw:800;\"\n\t\t\t\t\t\t\t\tdata-padding=\"t:10,8,6,4;b:10,8,6,4;\"\n\t\t\t\t\t\t\t\tdata-frame_0=\"sX:1.5;sY:1.5;\"\n\t\t\t\t\t\t\t\tdata-frame_0_mask=\"u:t;\"\n\t\t\t\t\t\t\t\tdata-frame_1=\"st:1000;sp:1500;\"\n\t\t\t\t\t\t\t\tdata-frame_1_mask=\"u:t;\"\n\t\t\t\t\t\t\t\tdata-frame_999=\"y:100%;e:power2.inOut;st:w;sp:1000;\"\n\t\t\t\t\t\t\t\tdata-frame_999_mask=\"u:t;\"\n\t\t\t\t\t\t\t\tstyle=\"z-index:7;font-family:'Raleway';\"\n\t\t\t\t\t\t\t>KLIMAHAUSHALT(EN) \n\t\t\t\t\t\t\t<\/rs-layer><!--\n\n\t\t\t\t\t\t\t--><rs-layer\n\t\t\t\t\t\t\t\tid=\"slider-29-slide-87-layer-4\" \n\t\t\t\t\t\t\t\tclass=\"NotGeneric-SubTitle\"\n\t\t\t\t\t\t\t\tdata-type=\"text\"\n\t\t\t\t\t\t\t\tdata-color=\"rgba(255,255,255,1)\"\n\t\t\t\t\t\t\t\tdata-bsh=\"c:rgba(0,0,0,0.15);h:5px,4px,3px,1px;v:5px,4px,3px,1px;b:10px,8px,6px,3px;\"\n\t\t\t\t\t\t\t\tdata-tsh=\"c:rgba(0,0,0,0.75);h:7px,5px,3px,1px;v:7px,5px,3px,1px;b:10px,8px,6px,3px;\"\n\t\t\t\t\t\t\t\tdata-rsp_ch=\"on\"\n\t\t\t\t\t\t\t\tdata-xy=\"x:c;xo:-441px,-364px,-276px,-170px;y:m;yo:-110px,-90px,-68px,-41px;\"\n\t\t\t\t\t\t\t\tdata-text=\"s:13,10,7,4;l:20,16,12,7;ls:4px,3px,2px,1px;fw:700;\"\n\t\t\t\t\t\t\t\tdata-frame_0=\"y:100%;\"\n\t\t\t\t\t\t\t\tdata-frame_0_mask=\"u:t;y:100%;\"\n\t\t\t\t\t\t\t\tdata-frame_1=\"e:power4.inOut;st:1000;sp:1500;\"\n\t\t\t\t\t\t\t\tdata-frame_1_mask=\"u:t;\"\n\t\t\t\t\t\t\t\tdata-frame_999=\"y:100%;e:power2.inOut;st:w;sp:1000;\"\n\t\t\t\t\t\t\t\tdata-frame_999_mask=\"u:t;\"\n\t\t\t\t\t\t\t\tstyle=\"z-index:8;font-family:'Raleway';\"\n\t\t\t\t\t\t\t>RTI - Call 2019 \n\t\t\t\t\t\t\t<\/rs-layer><!--\n\n\t\t\t\t\t\t\t--><rs-layer\n\t\t\t\t\t\t\t\tid=\"slider-29-slide-87-layer-10\" \n\t\t\t\t\t\t\t\tclass=\"tp-shape tp-shapewrapper\"\n\t\t\t\t\t\t\t\tdata-type=\"shape\"\n\t\t\t\t\t\t\t\tdata-xy=\"x:c;y:m;\"\n\t\t\t\t\t\t\t\tdata-text=\"fw:800;\"\n\t\t\t\t\t\t\t\tdata-dim=\"w:100%;h:100%;\"\n\t\t\t\t\t\t\t\tdata-basealign=\"slide\"\n\t\t\t\t\t\t\t\tdata-rsp_bd=\"off\"\n\t\t\t\t\t\t\t\tdata-frame_1=\"st:750;sp:1500;\"\n\t\t\t\t\t\t\t\tdata-frame_999=\"e:nothing;st:w;\"\n\t\t\t\t\t\t\t\tstyle=\"z-index:5;background-color:rgba(0,0,0,0.40);\"\n\t\t\t\t\t\t\t> \n\t\t\t\t\t\t\t<\/rs-layer><!--\n-->\t\t\t\t\t\t<\/rs-slide>\n\t\t\t\t\t<\/rs-slides>\n\t\t\t\t<\/rs-module>\n\t\t\t\t<script>\n\t\t\t\t\tsetREVStartSize({c: 'rev_slider_29_1',rl:[1240,1024,778,480],el:[600,500,400,300],gw:[1240,1024,778,480],gh:[600,500,400,300],type:'hero',justify:'',layout:'fullwidth',mh:\"0\"});if (window.RS_MODULES!==undefined && window.RS_MODULES.modules!==undefined && window.RS_MODULES.modules[\"revslider291\"]!==undefined) {window.RS_MODULES.modules[\"revslider291\"].once = false;window.revapi29 = undefined;if (window.RS_MODULES.checkMinimal!==undefined) window.RS_MODULES.checkMinimal()}\n\t\t\t\t<\/script>\n\t\t\t<\/rs-module-wrap>\n\t\t\t<!-- END REVOLUTION SLIDER -->\n<\/div><\/div><\/div><\/section><section id=\"about\" class=\"vc_row wpb_row vc_row-fluid clear_sec\" style=\"color: \"><div class=\"spe_about fixpadding_left wpb_column vc_column_container vc_col-sm-6 vc_col-lg-6 vc_col-md-6 vc_col-has-fill\"><div class=\"vc_column-inner vc_custom_1612803860439\"><div class=\"wpb_wrapper\"><div class=\"events_heading text-left oin__heading\">\n<h2>KLIMAHAUSHALT(EN)<\/h2>\n<h5><strong>RTI - Call 2019<\/strong><\/h5>\n<hr\/><\/div>\n\t<div class=\"wpb_text_column wpb_content_element  about_info\" >\n\t\t<div class=\"wpb_wrapper\">\n\t\t\t<p><em><span style=\"color: #ff9900;\">Climate protection <\/span><\/em>ist aktuell eines der zentralen Themen sowohl in unserer Zivilgesellschaft als auch bei Politik und Wirtschaft. Zu dessen Umsetzung existiert eine Vielzahl an Empfehlungen f\u00fcr ein klimafreundliches Verhalten. Oft sind diese allerdings sehr allgemein formuliert und nicht auf die unterschiedlichen Zielgruppen zugeschnitten, wodurch bei den Betroffenen oft Verwirrung und Unsicherheit entsteht, die bis zur Ablehnung gehen kann.<\/p>\n\n\t\t<\/div>\n\t<\/div>\n<\/div><\/div><\/div><div class=\"wpb_column vc_column_container vc_col-sm-6 vc_col-lg-6 vc_col-md-6 vc_col-has-fill\"><div class=\"vc_column-inner vc_custom_1626253014242\"><div class=\"wpb_wrapper\">\n\t<div class=\"wpb_single_image wpb_content_element vc_align_left\" data-animation=\"fadeInUp\" data-animation_delay=\"300\">\n\t\t<div class=\"wpb_wrapper\">\n\t\t\t\n\t\t\t<div class=\"vc_single_image-wrapper   vc_box_border_grey\"><img decoding=\"async\" width=\"158\" height=\"158\" src=\"https:\/\/oin.at\/wp-content\/uploads\/2021\/07\/KlimahaushaltenLOGO1.jpg\" class=\"vc_single_image-img attachment-medium\" alt=\"\" srcset=\"https:\/\/oin.at\/wp-content\/uploads\/2021\/07\/KlimahaushaltenLOGO1.jpg 158w, https:\/\/oin.at\/wp-content\/uploads\/2021\/07\/KlimahaushaltenLOGO1-150x150.jpg 150w\" sizes=\"(max-width: 158px) 100vw, 158px\" \/><\/div>\n\t\t<\/div>\n\t<\/div>\n\n\t<div class=\"wpb_single_image wpb_content_element vc_align_left\" data-animation=\"fadeInUp\" data-animation_delay=\"300\">\n\t\t<div class=\"wpb_wrapper\">\n\t\t\t\n\t\t\t<div class=\"vc_single_image-wrapper   vc_box_border_grey\"><img decoding=\"async\" width=\"97\" height=\"104\" src=\"https:\/\/oin.at\/wp-content\/uploads\/2021\/07\/KlimahaushaltenLOGO2.jpg\" class=\"vc_single_image-img attachment-large\" alt=\"\" \/><\/div>\n\t\t<\/div>\n\t<\/div>\n<\/div><\/div><\/div><\/section><section class=\"vc_row wpb_row vc_row-fluid\" style=\"color: \"><div class=\"container\"><div class=\"row\"><div class=\"wpb_column vc_column_container vc_col-sm-12\"><div class=\"vc_column-inner\"><div class=\"wpb_wrapper\"><div class=\"vc_tta-container\" data-vc-action=\"collapse\"><div class=\"vc_general vc_tta vc_tta-accordion vc_tta-color-grey vc_tta-style-classic vc_tta-shape-rounded vc_tta-o-shape-group vc_tta-controls-align-left\"><div class=\"vc_tta-panels-container\"><div class=\"vc_tta-panels\"><div class=\"vc_tta-panel\" id=\"1616411817171-b84e45bc-94d9\" data-vc-content=\".vc_tta-panel-body\"><div class=\"vc_tta-panel-heading\"><h4 class=\"vc_tta-panel-title vc_tta-controls-icon-position-left\"><a href=\"#1616411817171-b84e45bc-94d9\" data-vc-accordion data-vc-container=\".vc_tta-container\"><span class=\"vc_tta-title-text\">Review<\/span><i class=\"vc_tta-controls-icon vc_tta-controls-icon-plus\"><\/i><\/a><\/h4><\/div><div class=\"vc_tta-panel-body\">\n\t<div class=\"wpb_text_column wpb_content_element  about_info\" >\n\t\t<div class=\"wpb_wrapper\">\n\t\t\t<p><em><span style=\"color: #ff9900;\">The aim of this project <\/span><\/em>ist es, in einem partizipativen Prozess mit ausgew\u00e4hlten Haushalten in Nieder\u00f6sterreich, effektive und auch akzeptierte Handlungsoptionen f\u00fcr eine klimaschonende Lebensweise zu erarbeiten. Dabei sollen aufbauend auf der Charakterisierung des derzeitigen Lebensstils und der dadurch bewirkten Treibhausgas-Belastungen ma\u00dfgeschneiderte Ma\u00dfnahmen auf detaillierter Produktebene mit Haushalten ausgearbeitet werden. Diese sollen konkrete und individuelle Einflussm\u00f6glichkeiten (z.B. ver\u00e4ndertes Nutzerverhalten, Regionalit\u00e4t, effizienteres Produkt,..) f\u00fcr die jeweiligen Konsummuster beinhalten, um die meist allgemeinen Empfehlungen auf konkrete Verhaltens\u00e4nderungen umzulegen. Bei den Ma\u00dfnahmen werden die Werthaltung und die Priorit\u00e4ten der Haushalte mit einbezogen, um damit auch die Umsetzungswahrscheinlichkeit der Ma\u00dfnahmen zu erh\u00f6hen sowie gegebenenfalls vorliegende Fehleinsch\u00e4tzungen korrigieren zu k\u00f6nnen. Im Anschluss daran werden die Haushalte in einem etwa halbj\u00e4hrigen Prozess bei dem Anwenden der jeweiligen Ma\u00dfnahmen unterst\u00fctzt, der mit einer Reflexion \u00fcber die Erfolge bzw. Misserfolge bei der Umsetzung abgeschlossen wird. Die bew\u00e4hrten Ma\u00dfnahmen werden danach hinsichtlich des Beitrags zum Klimaschutz in den einzelnen Haushalten quantifiziert und dar\u00fcber hinaus deren monet\u00e4re Aufwendungen bzw. Einsparungen abgesch\u00e4tzt.<\/p>\n<p>Letztlich sollen nach Vorliegen der Ergebnisse <em><span style=\"color: #ff9900;\">die vielversprechendsten Handlungsoptionen<\/span><\/em>\u00a0f\u00fcr eine klimaschonende Lebensweise dargestellt und die Unterschiede bzw. Zusammenh\u00e4nge zwischen den einzelnen Haushalten anhand von sozio\u00f6konomischen Rahmenbedingungen bzw. vorhandenen Konsummustern beschrieben werden.<\/p>\n\n\t\t<\/div>\n\t<\/div>\n<\/div><\/div><\/div><\/div><\/div><\/div><\/div><\/div><\/div><\/div><\/div><\/section>","protected":false},"excerpt":{"rendered":"Klimahaushalt(en) FTI \u2013 Call 2019 Klimahaushalt(en) FTI \u2013 Call 2019 Der Klimaschutz ist aktuell eines der zentralen Themen sowohl in unserer Zivilgesellschaft als auch bei Politik und Wirtschaft. Zu dessen Umsetzung existiert eine Vielzahl an Empfehlungen f\u00fcr ein klimafreundliches Verhalten. Oft sind diese allerdings sehr allgemein formuliert und nicht auf die unterschiedlichen Zielgruppen zugeschnitten, wodurch [...]","protected":false},"author":6,"featured_media":0,"parent":2131,"menu_order":0,"comment_status":"closed","ping_status":"closed","template":"templates\/visualcomposer_template.php","meta":{"_mi_skip_tracking":false,"_monsterinsights_sitenote_active":false,"_monsterinsights_sitenote_note":"","_monsterinsights_sitenote_category":0,"footnotes":""},"folder":[60],"class_list":["post-2400","page","type-page","status-publish","hentry"],"yoast_head":"<!-- This site is optimized with the Yoast SEO Premium plugin v16.5 (Yoast SEO v20.13) - https:\/\/yoast.com\/wordpress\/plugins\/seo\/ -->\n<title>Klimahaushalt(en) - \u00d6IN Nachhaltigkeit Projekt<\/title>\n<meta name=\"description\" content=\"Letztlich sollen nach Vorliegen der Ergebnisse die vielversprechendsten Handlungsoptionen\u00a0f\u00fcr eine klimaschonende Lebensweise dargestellt und die Unterschiede bzw. Zusammenh\u00e4nge zwischen den einzelnen Haushalten anhand von sozio\u00f6konomischen Rahmenbedingungen bzw. vorhandenen Konsummustern beschrieben werden.\" \/>\n<meta name=\"robots\" content=\"index, follow, max-snippet:-1, max-image-preview:large, max-video-preview:-1\" \/>\n<link rel=\"canonical\" href=\"https:\/\/oin.at\/en\/projekte\/klimahaushalt_en\/\" \/>\n<meta property=\"og:locale\" content=\"en_GB\" \/>\n<meta property=\"og:type\" content=\"article\" \/>\n<meta property=\"og:title\" content=\"Klimahaushalt(en)\" \/>\n<meta property=\"og:description\" content=\"Letztlich sollen nach Vorliegen der Ergebnisse die vielversprechendsten Handlungsoptionen\u00a0f\u00fcr eine klimaschonende Lebensweise dargestellt und die Unterschiede bzw. Zusammenh\u00e4nge zwischen den einzelnen Haushalten anhand von sozio\u00f6konomischen Rahmenbedingungen bzw. vorhandenen Konsummustern beschrieben werden.\" \/>\n<meta property=\"og:url\" content=\"https:\/\/oin.at\/en\/projekte\/klimahaushalt_en\/\" \/>\n<meta property=\"og:site_name\" content=\"\u00d6IN\" \/>\n<meta name=\"twitter:card\" content=\"summary_large_image\" \/>\n<meta name=\"twitter:label1\" content=\"Estimated reading time\" \/>\n\t<meta name=\"twitter:data1\" content=\"2 minutes\" \/>\n<script type=\"application\/ld+json\" class=\"yoast-schema-graph\">{\"@context\":\"https:\/\/schema.org\",\"@graph\":[{\"@type\":\"WebPage\",\"@id\":\"https:\/\/oin.at\/projekte\/klimahaushalt_en\",\"url\":\"https:\/\/oin.at\/projekte\/klimahaushalt_en\",\"name\":\"Klimahaushalt(en) - \u00d6IN Nachhaltigkeit Projekt\",\"isPartOf\":{\"@id\":\"https:\/\/oin.at\/#website\"},\"datePublished\":\"2021-07-14T12:59:24+00:00\",\"dateModified\":\"2021-07-14T12:59:24+00:00\",\"description\":\"Letztlich sollen nach Vorliegen der Ergebnisse die vielversprechendsten Handlungsoptionen\u00a0f\u00fcr eine klimaschonende Lebensweise dargestellt und die Unterschiede bzw. Zusammenh\u00e4nge zwischen den einzelnen Haushalten anhand von sozio\u00f6konomischen Rahmenbedingungen bzw. vorhandenen Konsummustern beschrieben werden.\",\"breadcrumb\":{\"@id\":\"https:\/\/oin.at\/projekte\/klimahaushalt_en#breadcrumb\"},\"inLanguage\":\"en-GB\",\"potentialAction\":[{\"@type\":\"ReadAction\",\"target\":[\"https:\/\/oin.at\/projekte\/klimahaushalt_en\"]}]},{\"@type\":\"BreadcrumbList\",\"@id\":\"https:\/\/oin.at\/projekte\/klimahaushalt_en#breadcrumb\",\"itemListElement\":[{\"@type\":\"ListItem\",\"position\":1,\"name\":\"Startseite\",\"item\":\"https:\/\/oin.at\/\"},{\"@type\":\"ListItem\",\"position\":2,\"name\":\"Projekte\",\"item\":\"https:\/\/oin.at\/projekte\"},{\"@type\":\"ListItem\",\"position\":3,\"name\":\"Klimahaushalt(en)\"}]},{\"@type\":\"WebSite\",\"@id\":\"https:\/\/oin.at\/#website\",\"url\":\"https:\/\/oin.at\/\",\"name\":\"\u00d6IN\",\"description\":\"Institut f\u00fcr Nachhaltige Entwicklung\",\"publisher\":{\"@id\":\"https:\/\/oin.at\/#organization\"},\"potentialAction\":[{\"@type\":\"SearchAction\",\"target\":{\"@type\":\"EntryPoint\",\"urlTemplate\":\"https:\/\/oin.at\/?s={search_term_string}\"},\"query-input\":\"required name=search_term_string\"}],\"inLanguage\":\"en-GB\"},{\"@type\":\"Organization\",\"@id\":\"https:\/\/oin.at\/#organization\",\"name\":\"\u00d6IN | \u00d6sterreichisches Institut f\u00fcr Nachhaltige Entwicklung\",\"url\":\"https:\/\/oin.at\/\",\"logo\":{\"@type\":\"ImageObject\",\"inLanguage\":\"en-GB\",\"@id\":\"https:\/\/oin.at\/#\/schema\/logo\/image\/\",\"url\":\"https:\/\/oin.at\/wp-content\/uploads\/2021\/03\/oinLogo_dt-CMYK-1-e1612797598919.png\",\"contentUrl\":\"https:\/\/oin.at\/wp-content\/uploads\/2021\/03\/oinLogo_dt-CMYK-1-e1612797598919.png\",\"width\":225,\"height\":54,\"caption\":\"\u00d6IN | \u00d6sterreichisches Institut f\u00fcr Nachhaltige Entwicklung\"},\"image\":{\"@id\":\"https:\/\/oin.at\/#\/schema\/logo\/image\/\"}}]}<\/script>\n<!-- \/ Yoast SEO Premium plugin. -->","yoast_head_json":{"title":"Klimahaushalt(en) - \u00d6IN Nachhaltigkeit Projekt","description":"Letztlich sollen nach Vorliegen der Ergebnisse die vielversprechendsten Handlungsoptionen\u00a0f\u00fcr eine klimaschonende Lebensweise dargestellt und die Unterschiede bzw. Zusammenh\u00e4nge zwischen den einzelnen Haushalten anhand von sozio\u00f6konomischen Rahmenbedingungen bzw. vorhandenen Konsummustern beschrieben werden.","robots":{"index":"index","follow":"follow","max-snippet":"max-snippet:-1","max-image-preview":"max-image-preview:large","max-video-preview":"max-video-preview:-1"},"canonical":"https:\/\/oin.at\/en\/projekte\/klimahaushalt_en\/","og_locale":"en_GB","og_type":"article","og_title":"Klimahaushalt(en)","og_description":"Letztlich sollen nach Vorliegen der Ergebnisse die vielversprechendsten Handlungsoptionen\u00a0f\u00fcr eine klimaschonende Lebensweise dargestellt und die Unterschiede bzw. Zusammenh\u00e4nge zwischen den einzelnen Haushalten anhand von sozio\u00f6konomischen Rahmenbedingungen bzw. vorhandenen Konsummustern beschrieben werden.","og_url":"https:\/\/oin.at\/en\/projekte\/klimahaushalt_en\/","og_site_name":"\u00d6IN","twitter_card":"summary_large_image","twitter_misc":{"Estimated reading time":"2 minutes"},"schema":{"@context":"https:\/\/schema.org","@graph":[{"@type":"WebPage","@id":"https:\/\/oin.at\/projekte\/klimahaushalt_en","url":"https:\/\/oin.at\/projekte\/klimahaushalt_en","name":"Klimahaushalt(en) - \u00d6IN Nachhaltigkeit Projekt","isPartOf":{"@id":"https:\/\/oin.at\/#website"},"datePublished":"2021-07-14T12:59:24+00:00","dateModified":"2021-07-14T12:59:24+00:00","description":"Letztlich sollen nach Vorliegen der Ergebnisse die vielversprechendsten Handlungsoptionen\u00a0f\u00fcr eine klimaschonende Lebensweise dargestellt und die Unterschiede bzw. Zusammenh\u00e4nge zwischen den einzelnen Haushalten anhand von sozio\u00f6konomischen Rahmenbedingungen bzw. vorhandenen Konsummustern beschrieben werden.","breadcrumb":{"@id":"https:\/\/oin.at\/projekte\/klimahaushalt_en#breadcrumb"},"inLanguage":"en-GB","potentialAction":[{"@type":"ReadAction","target":["https:\/\/oin.at\/projekte\/klimahaushalt_en"]}]},{"@type":"BreadcrumbList","@id":"https:\/\/oin.at\/projekte\/klimahaushalt_en#breadcrumb","itemListElement":[{"@type":"ListItem","position":1,"name":"Startseite","item":"https:\/\/oin.at\/"},{"@type":"ListItem","position":2,"name":"Projekte","item":"https:\/\/oin.at\/projekte"},{"@type":"ListItem","position":3,"name":"Klimahaushalt(en)"}]},{"@type":"WebSite","@id":"https:\/\/oin.at\/#website","url":"https:\/\/oin.at\/","name":"\u00d6IN","description":"Institut f\u00fcr Nachhaltige Entwicklung","publisher":{"@id":"https:\/\/oin.at\/#organization"},"potentialAction":[{"@type":"SearchAction","target":{"@type":"EntryPoint","urlTemplate":"https:\/\/oin.at\/?s={search_term_string}"},"query-input":"required name=search_term_string"}],"inLanguage":"en-GB"},{"@type":"Organization","@id":"https:\/\/oin.at\/#organization","name":"\u00d6IN | \u00d6sterreichisches Institut f\u00fcr Nachhaltige Entwicklung","url":"https:\/\/oin.at\/","logo":{"@type":"ImageObject","inLanguage":"en-GB","@id":"https:\/\/oin.at\/#\/schema\/logo\/image\/","url":"https:\/\/oin.at\/wp-content\/uploads\/2021\/03\/oinLogo_dt-CMYK-1-e1612797598919.png","contentUrl":"https:\/\/oin.at\/wp-content\/uploads\/2021\/03\/oinLogo_dt-CMYK-1-e1612797598919.png","width":225,"height":54,"caption":"\u00d6IN | \u00d6sterreichisches Institut f\u00fcr Nachhaltige Entwicklung"},"image":{"@id":"https:\/\/oin.at\/#\/schema\/logo\/image\/"}}]}},"_links":{"self":[{"href":"https:\/\/oin.at\/en\/wp-json\/wp\/v2\/pages\/2400","targetHints":{"allow":["GET"]}}],"collection":[{"href":"https:\/\/oin.at\/en\/wp-json\/wp\/v2\/pages"}],"about":[{"href":"https:\/\/oin.at\/en\/wp-json\/wp\/v2\/types\/page"}],"author":[{"embeddable":true,"href":"https:\/\/oin.at\/en\/wp-json\/wp\/v2\/users\/6"}],"replies":[{"embeddable":true,"href":"https:\/\/oin.at\/en\/wp-json\/wp\/v2\/comments?post=2400"}],"version-history":[{"count":5,"href":"https:\/\/oin.at\/en\/wp-json\/wp\/v2\/pages\/2400\/revisions"}],"predecessor-version":[{"id":2405,"href":"https:\/\/oin.at\/en\/wp-json\/wp\/v2\/pages\/2400\/revisions\/2405"}],"up":[{"embeddable":true,"href":"https:\/\/oin.at\/en\/wp-json\/wp\/v2\/pages\/2131"}],"wp:attachment":[{"href":"https:\/\/oin.at\/en\/wp-json\/wp\/v2\/media?parent=2400"}],"wp:term":[{"taxonomy":"folder","embeddable":true,"href":"https:\/\/oin.at\/en\/wp-json\/wp\/v2\/folder?post=2400"}],"curies":[{"name":"wp","href":"https:\/\/api.w.org\/{rel}","templated":true}]}}