{"id":2293,"date":"2021-05-27T11:21:44","date_gmt":"2021-05-27T09:21:44","guid":{"rendered":"https:\/\/oin.at\/?page_id=2293"},"modified":"2021-07-07T09:29:20","modified_gmt":"2021-07-07T07:29:20","slug":"projekte-vrede","status":"publish","type":"page","link":"https:\/\/oin.at\/en\/projekte\/projekte-vrede","title":{"rendered":"VREDE"},"content":{"rendered":"<section id=\"home\" class=\"vc_row wpb_row vc_row-fluid vc_custom_1449804203564\" style=\"color: \"><div class=\"wpb_column vc_column_container vc_col-sm-12\"><div class=\"vc_column-inner vc_custom_1444218377317\"><div class=\"wpb_wrapper\">\n\t\t\t<!-- START vredehero REVOLUTION SLIDER 6.6.15 --><p class=\"rs-p-wp-fix\"><\/p>\n\t\t\t<rs-module-wrap id=\"rev_slider_28_1_wrapper\" data-source=\"gallery\" style=\"visibility:hidden;background:transparent;padding:0;margin:0px auto;margin-top:0;margin-bottom:0;\">\n\t\t\t\t<rs-module id=\"rev_slider_28_1\" style=\"\" data-version=\"6.6.15\">\n\t\t\t\t\t<rs-slides style=\"overflow: hidden; position: absolute;\">\n\t\t\t\t\t\t<rs-slide style=\"position: absolute;\" data-key=\"rs-82\" data-title=\"Intro\" data-anim=\"adpr:false;ms:2000;\" data-in=\"o:-0.5;sx:1.6;sy:1.6;e:power4.inOut;\" data-out=\"o:0;sx:0.6;sy:0.6;e:power4.inOut;\">\n\t\t\t\t\t\t\t<img fetchpriority=\"high\" decoding=\"async\" src=\"\/\/oin.at\/wp-content\/plugins\/revslider\/public\/assets\/assets\/dummy.png\" alt=\"\" title=\"LMBerg70x105 copy\" width=\"2560\" height=\"1707\" class=\"rev-slidebg tp-rs-img rs-lazyload\" data-lazyload=\"\/\/oin.at\/wp-content\/uploads\/2021\/02\/LMBerg70x105-copy-scaled.jpg\" data-parallax=\"10\" data-no-retina>\n<!--\n\t\t\t\t\t\t\t--><rs-layer\n\t\t\t\t\t\t\t\tid=\"slider-28-slide-82-layer-1\" \n\t\t\t\t\t\t\t\tclass=\"NotGeneric-Title\"\n\t\t\t\t\t\t\t\tdata-type=\"text\"\n\t\t\t\t\t\t\t\tdata-color=\"rgba(255,255,255,1)\"\n\t\t\t\t\t\t\t\tdata-rsp_ch=\"on\"\n\t\t\t\t\t\t\t\tdata-xy=\"x:c;y:m;yo:0,0,-22px,-29px;\"\n\t\t\t\t\t\t\t\tdata-text=\"s:70,70,70,50;l:70,70,70,50;fw:800;\"\n\t\t\t\t\t\t\t\tdata-padding=\"t:10;b:10;\"\n\t\t\t\t\t\t\t\tdata-frame_0=\"sX:1.5;sY:1.5;\"\n\t\t\t\t\t\t\t\tdata-frame_0_mask=\"u:t;\"\n\t\t\t\t\t\t\t\tdata-frame_1=\"st:1000;sp:1500;\"\n\t\t\t\t\t\t\t\tdata-frame_1_mask=\"u:t;\"\n\t\t\t\t\t\t\t\tdata-frame_999=\"y:100%;e:power2.inOut;st:w;sp:1000;\"\n\t\t\t\t\t\t\t\tdata-frame_999_mask=\"u:t;\"\n\t\t\t\t\t\t\t\tstyle=\"z-index:7;font-family:'Raleway';\"\n\t\t\t\t\t\t\t>VREDE \n\t\t\t\t\t\t\t<\/rs-layer><!--\n\n\t\t\t\t\t\t\t--><rs-layer\n\t\t\t\t\t\t\t\tid=\"slider-28-slide-82-layer-4\" \n\t\t\t\t\t\t\t\tclass=\"NotGeneric-SubTitle\"\n\t\t\t\t\t\t\t\tdata-type=\"text\"\n\t\t\t\t\t\t\t\tdata-color=\"rgba(255,255,255,1)\"\n\t\t\t\t\t\t\t\tdata-rsp_ch=\"on\"\n\t\t\t\t\t\t\t\tdata-xy=\"x:c;y:m;yo:52px,52px,28px,13px;\"\n\t\t\t\t\t\t\t\tdata-text=\"s:13;l:20;ls:4px;fw:500;\"\n\t\t\t\t\t\t\t\tdata-frame_0=\"y:100%;\"\n\t\t\t\t\t\t\t\tdata-frame_0_mask=\"u:t;y:100%;\"\n\t\t\t\t\t\t\t\tdata-frame_1=\"e:power4.inOut;st:1000;sp:1500;\"\n\t\t\t\t\t\t\t\tdata-frame_1_mask=\"u:t;\"\n\t\t\t\t\t\t\t\tdata-frame_999=\"y:100%;e:power2.inOut;st:w;sp:1000;\"\n\t\t\t\t\t\t\t\tdata-frame_999_mask=\"u:t;\"\n\t\t\t\t\t\t\t\tstyle=\"z-index:8;font-family:'Raleway';\"\n\t\t\t\t\t\t\t>A Visual Tool for Responsible Decisions \n\t\t\t\t\t\t\t<\/rs-layer><!--\n\n\t\t\t\t\t\t\t--><rs-layer\n\t\t\t\t\t\t\t\tid=\"slider-28-slide-82-layer-10\" \n\t\t\t\t\t\t\t\tclass=\"tp-shape tp-shapewrapper\"\n\t\t\t\t\t\t\t\tdata-type=\"shape\"\n\t\t\t\t\t\t\t\tdata-xy=\"x:c;y:m;\"\n\t\t\t\t\t\t\t\tdata-text=\"fw:800;\"\n\t\t\t\t\t\t\t\tdata-dim=\"w:100%;h:100%;\"\n\t\t\t\t\t\t\t\tdata-basealign=\"slide\"\n\t\t\t\t\t\t\t\tdata-rsp_bd=\"off\"\n\t\t\t\t\t\t\t\tdata-frame_1=\"st:750;sp:1500;\"\n\t\t\t\t\t\t\t\tdata-frame_999=\"e:nothing;st:w;\"\n\t\t\t\t\t\t\t\tstyle=\"z-index:5;background-color:rgba(0,0,0,0.40);\"\n\t\t\t\t\t\t\t> \n\t\t\t\t\t\t\t<\/rs-layer><!--\n-->\t\t\t\t\t\t<\/rs-slide>\n\t\t\t\t\t<\/rs-slides>\n\t\t\t\t<\/rs-module>\n\t\t\t\t<script>\n\t\t\t\t\tsetREVStartSize({c: 'rev_slider_28_1',rl:[1240,1024,778,480],el:[600,500,400,300],gw:[1240,1024,778,480],gh:[600,500,400,300],type:'hero',justify:'',layout:'fullwidth',mh:\"0\"});if (window.RS_MODULES!==undefined && window.RS_MODULES.modules!==undefined && window.RS_MODULES.modules[\"revslider281\"]!==undefined) {window.RS_MODULES.modules[\"revslider281\"].once = false;window.revapi28 = undefined;if (window.RS_MODULES.checkMinimal!==undefined) window.RS_MODULES.checkMinimal()}\n\t\t\t\t<\/script>\n\t\t\t<\/rs-module-wrap>\n\t\t\t<!-- END REVOLUTION SLIDER -->\n<\/div><\/div><\/div><\/section><section id=\"about\" class=\"vc_row wpb_row vc_row-fluid clear_sec\" style=\"color: \"><div class=\"spe_about fixpadding_left wpb_column vc_column_container vc_col-sm-6 vc_col-lg-6 vc_col-md-6 vc_col-has-fill\"><div class=\"vc_column-inner vc_custom_1612803860439\"><div class=\"wpb_wrapper\"><div class=\"events_heading text-left oin__heading\">\n<h2>VREDE<\/h2>\n<h5>A Visual Tool for Responsible Decisions.<\/h5>\n<hr\/><\/div>\n\t<div class=\"wpb_text_column wpb_content_element  about_info\" >\n\t\t<div class=\"wpb_wrapper\">\n\t\t\t<p><em><span style=\"color: #ff9900;\">\"Sustainable decisions<\/span><\/em>\u00a0are central to good corporate development, both strategically and operationally. By successfully integrating the ideas and assessments of employees, innovations are promoted without losing momentum due to resistance. And the satisfaction in the organisation grows.\" ~Dorothea Erharter, Project Manager of VREDE<\/p>\n<p>We research, test and develop decision-making methods for companies. Also digitally.<br \/>\nWe provide you with free support in decision-making processes (moderation) and thus contribute to the research and development of a new software tool.<\/p>\n\n\t\t<\/div>\n\t<\/div>\n<\/div><\/div><\/div><div class=\"wpb_column vc_column_container vc_col-sm-6 vc_col-lg-6 vc_col-md-6 vc_col-has-fill\"><div class=\"vc_column-inner vc_custom_1616411481663\"><div class=\"wpb_wrapper\">\n\t<div class=\"wpb_single_image wpb_content_element vc_align_left\" data-animation=\"fadeInUp\" data-animation_delay=\"300\">\n\t\t<div class=\"wpb_wrapper\">\n\t\t\t\n\t\t\t<div class=\"vc_single_image-wrapper   vc_box_border_grey\"><img decoding=\"async\" width=\"300\" height=\"169\" src=\"https:\/\/oin.at\/wp-content\/uploads\/2021\/03\/VREDE-Logo-gr-300x169.png\" class=\"vc_single_image-img attachment-medium\" alt=\"\" srcset=\"https:\/\/oin.at\/wp-content\/uploads\/2021\/03\/VREDE-Logo-gr-300x169.png 300w, https:\/\/oin.at\/wp-content\/uploads\/2021\/03\/VREDE-Logo-gr-1024x576.png 1024w, https:\/\/oin.at\/wp-content\/uploads\/2021\/03\/VREDE-Logo-gr-768x432.png 768w, https:\/\/oin.at\/wp-content\/uploads\/2021\/03\/VREDE-Logo-gr-1536x864.png 1536w, https:\/\/oin.at\/wp-content\/uploads\/2021\/03\/VREDE-Logo-gr-2048x1152.png 2048w\" sizes=\"(max-width: 300px) 100vw, 300px\" \/><\/div>\n\t\t<\/div>\n\t<\/div>\n\n\t<div class=\"wpb_single_image wpb_content_element vc_align_left\" data-animation=\"fadeInUp\" data-animation_delay=\"300\">\n\t\t<div class=\"wpb_wrapper\">\n\t\t\t\n\t\t\t<div class=\"vc_single_image-wrapper   vc_box_border_grey\"><img decoding=\"async\" width=\"555\" height=\"432\" src=\"https:\/\/oin.at\/wp-content\/uploads\/2021\/03\/Theory_U.-png.png\" class=\"vc_single_image-img attachment-large\" alt=\"theory_u\" srcset=\"https:\/\/oin.at\/wp-content\/uploads\/2021\/03\/Theory_U.-png.png 555w, https:\/\/oin.at\/wp-content\/uploads\/2021\/03\/Theory_U.-png-300x234.png 300w\" sizes=\"(max-width: 555px) 100vw, 555px\" \/><\/div>\n\t\t<\/div>\n\t<\/div>\n<\/div><\/div><\/div><\/section><section class=\"vc_row wpb_row vc_row-fluid\" style=\"color: \"><div class=\"container\"><div class=\"row\"><div class=\"wpb_column vc_column_container vc_col-sm-12\"><div class=\"vc_column-inner\"><div class=\"wpb_wrapper\"><div class=\"vc_tta-container\" data-vc-action=\"collapse\"><div class=\"vc_general vc_tta vc_tta-accordion vc_tta-color-grey vc_tta-style-classic vc_tta-shape-rounded vc_tta-o-shape-group vc_tta-controls-align-left\"><div class=\"vc_tta-panels-container\"><div class=\"vc_tta-panels\"><div class=\"vc_tta-panel\" id=\"1616411817171-b84e45bc-94d9\" data-vc-content=\".vc_tta-panel-body\"><div class=\"vc_tta-panel-heading\"><h4 class=\"vc_tta-panel-title vc_tta-controls-icon-position-left\"><a href=\"#1616411817171-b84e45bc-94d9\" data-vc-accordion data-vc-container=\".vc_tta-container\"><span class=\"vc_tta-title-text\">Review<\/span><i class=\"vc_tta-controls-icon vc_tta-controls-icon-plus\"><\/i><\/a><\/h4><\/div><div class=\"vc_tta-panel-body\">\n\t<div class=\"wpb_text_column wpb_content_element  about_info\" >\n\t\t<div class=\"wpb_wrapper\">\n\t\t\t<p><span style=\"color: #ff9900;\"><em>We, the VREDE project,<\/em><\/span>\u00a0are a team of researchers and entrepreneurs. In VREDE we are exploring the conception and design of a visual tool for group decision-making. Although there are tried and tested participatory processes for opinion-forming and decision-making, these have so far mainly functioned in an analogue way. In the project, we will find out which decision-making scenarios can be solved well thanks to which methods. We then try to visualise and digitise optimal solution methods and paths. This will enable online-supported participatory processes for opinion-forming and decision-making - also and especially for complex issues.<\/p>\n<p><span style=\"color: #ff9900;\"><em>About VREDE<\/em><\/span>. In VREDE we are developing a digital tool that supports decision-making processes well, is easy to use, intuitively understandable and visually appealing.<br \/>\nVREDE - A Visual Tool For Responsible Decisions<br \/>\nWe live in fast times. Often, despite complex issues, decisions have to be made quickly in a company that are sustainable and implementable. Sustainable means that the decisions are supported by as many employees as possible. And implementable means that the decisions made are easily and elegantly integrated into the processes and operations without major resistance. But how do you get \"good\" team decisions?<br \/>\nParticipative opinion-forming and decision-making requires:<\/p>\n<ul>\n<li>fast and comprehensible information<\/li>\n<li>transparent and cooperative opinion-forming, and<\/li>\n<li>clear and comprehensible decisions<\/li>\n<\/ul>\n<p>There are new, as well as tried and tested methods for this. However, these mainly work in an analogue way.<br \/>\nIn addition to the benefits for companies, organisations, municipalities and civil societies, the project also makes an important contribution to social transformation with a view to Agenda 2030 and the Global Sustainability Goals. \"Promoting innovations towards a sustainable society in the sense of the Sustainable Development Goals is of great concern to us.\" ~ Dorothea Erharter<\/p>\n\n\t\t<\/div>\n\t<\/div>\n\n\t<div class=\"wpb_text_column wpb_content_element\" data-animation=\"fadeInUp\" data-animation_delay=\"300\">\n\t\t<div class=\"wpb_wrapper\">\n\t\t\t<p><strong>Funding line<\/strong> Laura Bassi 4.0<\/p>\n<p><strong>Project duration<\/strong> 01.10.2019 &#8211; 30.09.2022<\/p>\n<p><img loading=\"lazy\" decoding=\"async\" class=\"alignleft wp-image-2100\" src=\"https:\/\/oin.at\/wp-content\/uploads\/2021\/03\/FFG_Logo_DE_RGB_1500px-300x171.png\" alt=\"ffg_forschungsfoerderungsgesellschaft\" width=\"200\" height=\"114\" srcset=\"https:\/\/oin.at\/wp-content\/uploads\/2021\/03\/FFG_Logo_DE_RGB_1500px-300x171.png 300w, https:\/\/oin.at\/wp-content\/uploads\/2021\/03\/FFG_Logo_DE_RGB_1500px-1024x582.png 1024w, https:\/\/oin.at\/wp-content\/uploads\/2021\/03\/FFG_Logo_DE_RGB_1500px-768x437.png 768w, https:\/\/oin.at\/wp-content\/uploads\/2021\/03\/FFG_Logo_DE_RGB_1500px.png 1500w\" sizes=\"(max-width: 200px) 100vw, 200px\" \/><\/p>\n<p>VREDE is a research project funded by the FFG (Austrian Research Promotion Agency) within the framework of Laura Bassi 4.0 (1st call 2019).<\/p>\n<p>&nbsp;<\/p>\n<p>&nbsp;<\/p>\n<p>&nbsp;<\/p>\n<p>Link Konsortium<br \/>\nLink Kontakt<\/p>\n\n\t\t<\/div>\n\t<\/div>\n<\/div><\/div><\/div><\/div><\/div><\/div><\/div><\/div><\/div><\/div><\/div><\/section>","protected":false},"excerpt":{"rendered":"VREDE A Visual Tool for Responsible Decisions VREDE A Visual Tool for Responsible Decisions. \"Tragf\u00e4hige Entscheidungen\u00a0sind zentral f\u00fcr die gute Unternehmensentwicklung, sowohl strategisch als auch operativ. Durch die gelungene Integration von Ideen und Einsch\u00e4tzungen der Mitarbeiter*innen werden Innovationen gef\u00f6rdert, ohne durch Widerst\u00e4nde Antrieb zu verlieren. Und die Zufriedenheit in der Organisation w\u00e4chst.\" ~Dorothea Erharter, Projektleiterin [...]","protected":false},"author":6,"featured_media":0,"parent":2131,"menu_order":0,"comment_status":"closed","ping_status":"closed","template":"templates\/visualcomposer_template.php","meta":{"_mi_skip_tracking":false,"_monsterinsights_sitenote_active":false,"_monsterinsights_sitenote_note":"","_monsterinsights_sitenote_category":0,"footnotes":""},"folder":[60],"class_list":["post-2293","page","type-page","status-publish","hentry"],"yoast_head":"<!-- This site is optimized with the Yoast SEO Premium plugin v16.5 (Yoast SEO v20.13) - https:\/\/yoast.com\/wordpress\/plugins\/seo\/ -->\n<title>VREDE - \u00d6IN Nachhaltigkeit Projekt<\/title>\n<meta name=\"description\" content=\"Las Mercedes: Das Klimaschutz- und Kunstprojekt des \u00d6IN und ArtEmbassy in Kolumbien.\" \/>\n<meta name=\"robots\" content=\"index, follow, max-snippet:-1, max-image-preview:large, max-video-preview:-1\" \/>\n<link rel=\"canonical\" href=\"https:\/\/oin.at\/en\/projekte\/projekte-vrede\/\" \/>\n<meta property=\"og:locale\" content=\"en_GB\" \/>\n<meta property=\"og:type\" content=\"article\" \/>\n<meta property=\"og:title\" content=\"VREDE\" \/>\n<meta property=\"og:description\" content=\"Las Mercedes: Das Klimaschutz- und Kunstprojekt des \u00d6IN und ArtEmbassy in Kolumbien.\" \/>\n<meta property=\"og:url\" content=\"https:\/\/oin.at\/en\/projekte\/projekte-vrede\/\" \/>\n<meta property=\"og:site_name\" content=\"\u00d6IN\" \/>\n<meta property=\"article:modified_time\" content=\"2021-07-07T07:29:20+00:00\" \/>\n<meta property=\"og:image\" content=\"https:\/\/oin.at\/wp-content\/uploads\/2021\/03\/FFG_Logo_DE_RGB_1500px-300x171.png\" \/>\n<meta name=\"twitter:card\" content=\"summary_large_image\" \/>\n<meta name=\"twitter:label1\" content=\"Estimated reading time\" \/>\n\t<meta name=\"twitter:data1\" content=\"3 minutes\" \/>\n<script type=\"application\/ld+json\" class=\"yoast-schema-graph\">{\"@context\":\"https:\/\/schema.org\",\"@graph\":[{\"@type\":\"WebPage\",\"@id\":\"https:\/\/oin.at\/projekte\/projekte-vrede\",\"url\":\"https:\/\/oin.at\/projekte\/projekte-vrede\",\"name\":\"VREDE - \u00d6IN Nachhaltigkeit Projekt\",\"isPartOf\":{\"@id\":\"https:\/\/oin.at\/#website\"},\"datePublished\":\"2021-05-27T09:21:44+00:00\",\"dateModified\":\"2021-07-07T07:29:20+00:00\",\"description\":\"Las Mercedes: Das Klimaschutz- und Kunstprojekt des \u00d6IN und ArtEmbassy in Kolumbien.\",\"breadcrumb\":{\"@id\":\"https:\/\/oin.at\/projekte\/projekte-vrede#breadcrumb\"},\"inLanguage\":\"en-GB\",\"potentialAction\":[{\"@type\":\"ReadAction\",\"target\":[\"https:\/\/oin.at\/projekte\/projekte-vrede\"]}]},{\"@type\":\"BreadcrumbList\",\"@id\":\"https:\/\/oin.at\/projekte\/projekte-vrede#breadcrumb\",\"itemListElement\":[{\"@type\":\"ListItem\",\"position\":1,\"name\":\"Startseite\",\"item\":\"https:\/\/oin.at\/\"},{\"@type\":\"ListItem\",\"position\":2,\"name\":\"Projekte\",\"item\":\"https:\/\/oin.at\/projekte\"},{\"@type\":\"ListItem\",\"position\":3,\"name\":\"VREDE\"}]},{\"@type\":\"WebSite\",\"@id\":\"https:\/\/oin.at\/#website\",\"url\":\"https:\/\/oin.at\/\",\"name\":\"\u00d6IN\",\"description\":\"Institut f\u00fcr Nachhaltige Entwicklung\",\"publisher\":{\"@id\":\"https:\/\/oin.at\/#organization\"},\"potentialAction\":[{\"@type\":\"SearchAction\",\"target\":{\"@type\":\"EntryPoint\",\"urlTemplate\":\"https:\/\/oin.at\/?s={search_term_string}\"},\"query-input\":\"required name=search_term_string\"}],\"inLanguage\":\"en-GB\"},{\"@type\":\"Organization\",\"@id\":\"https:\/\/oin.at\/#organization\",\"name\":\"\u00d6IN | \u00d6sterreichisches Institut f\u00fcr Nachhaltige Entwicklung\",\"url\":\"https:\/\/oin.at\/\",\"logo\":{\"@type\":\"ImageObject\",\"inLanguage\":\"en-GB\",\"@id\":\"https:\/\/oin.at\/#\/schema\/logo\/image\/\",\"url\":\"https:\/\/oin.at\/wp-content\/uploads\/2021\/03\/oinLogo_dt-CMYK-1-e1612797598919.png\",\"contentUrl\":\"https:\/\/oin.at\/wp-content\/uploads\/2021\/03\/oinLogo_dt-CMYK-1-e1612797598919.png\",\"width\":225,\"height\":54,\"caption\":\"\u00d6IN | \u00d6sterreichisches Institut f\u00fcr Nachhaltige Entwicklung\"},\"image\":{\"@id\":\"https:\/\/oin.at\/#\/schema\/logo\/image\/\"}}]}<\/script>\n<!-- \/ Yoast SEO Premium plugin. -->","yoast_head_json":{"title":"VREDE - \u00d6IN Nachhaltigkeit Projekt","description":"Las Mercedes: Das Klimaschutz- und Kunstprojekt des \u00d6IN und ArtEmbassy in Kolumbien.","robots":{"index":"index","follow":"follow","max-snippet":"max-snippet:-1","max-image-preview":"max-image-preview:large","max-video-preview":"max-video-preview:-1"},"canonical":"https:\/\/oin.at\/en\/projekte\/projekte-vrede\/","og_locale":"en_GB","og_type":"article","og_title":"VREDE","og_description":"Las Mercedes: Das Klimaschutz- und Kunstprojekt des \u00d6IN und ArtEmbassy in Kolumbien.","og_url":"https:\/\/oin.at\/en\/projekte\/projekte-vrede\/","og_site_name":"\u00d6IN","article_modified_time":"2021-07-07T07:29:20+00:00","og_image":[{"url":"https:\/\/oin.at\/wp-content\/uploads\/2021\/03\/FFG_Logo_DE_RGB_1500px-300x171.png"}],"twitter_card":"summary_large_image","twitter_misc":{"Estimated reading time":"3 minutes"},"schema":{"@context":"https:\/\/schema.org","@graph":[{"@type":"WebPage","@id":"https:\/\/oin.at\/projekte\/projekte-vrede","url":"https:\/\/oin.at\/projekte\/projekte-vrede","name":"VREDE - \u00d6IN Nachhaltigkeit Projekt","isPartOf":{"@id":"https:\/\/oin.at\/#website"},"datePublished":"2021-05-27T09:21:44+00:00","dateModified":"2021-07-07T07:29:20+00:00","description":"Las Mercedes: Das Klimaschutz- und Kunstprojekt des \u00d6IN und ArtEmbassy in Kolumbien.","breadcrumb":{"@id":"https:\/\/oin.at\/projekte\/projekte-vrede#breadcrumb"},"inLanguage":"en-GB","potentialAction":[{"@type":"ReadAction","target":["https:\/\/oin.at\/projekte\/projekte-vrede"]}]},{"@type":"BreadcrumbList","@id":"https:\/\/oin.at\/projekte\/projekte-vrede#breadcrumb","itemListElement":[{"@type":"ListItem","position":1,"name":"Startseite","item":"https:\/\/oin.at\/"},{"@type":"ListItem","position":2,"name":"Projekte","item":"https:\/\/oin.at\/projekte"},{"@type":"ListItem","position":3,"name":"VREDE"}]},{"@type":"WebSite","@id":"https:\/\/oin.at\/#website","url":"https:\/\/oin.at\/","name":"\u00d6IN","description":"Institut f\u00fcr Nachhaltige Entwicklung","publisher":{"@id":"https:\/\/oin.at\/#organization"},"potentialAction":[{"@type":"SearchAction","target":{"@type":"EntryPoint","urlTemplate":"https:\/\/oin.at\/?s={search_term_string}"},"query-input":"required name=search_term_string"}],"inLanguage":"en-GB"},{"@type":"Organization","@id":"https:\/\/oin.at\/#organization","name":"\u00d6IN | \u00d6sterreichisches Institut f\u00fcr Nachhaltige Entwicklung","url":"https:\/\/oin.at\/","logo":{"@type":"ImageObject","inLanguage":"en-GB","@id":"https:\/\/oin.at\/#\/schema\/logo\/image\/","url":"https:\/\/oin.at\/wp-content\/uploads\/2021\/03\/oinLogo_dt-CMYK-1-e1612797598919.png","contentUrl":"https:\/\/oin.at\/wp-content\/uploads\/2021\/03\/oinLogo_dt-CMYK-1-e1612797598919.png","width":225,"height":54,"caption":"\u00d6IN | \u00d6sterreichisches Institut f\u00fcr Nachhaltige Entwicklung"},"image":{"@id":"https:\/\/oin.at\/#\/schema\/logo\/image\/"}}]}},"_links":{"self":[{"href":"https:\/\/oin.at\/en\/wp-json\/wp\/v2\/pages\/2293","targetHints":{"allow":["GET"]}}],"collection":[{"href":"https:\/\/oin.at\/en\/wp-json\/wp\/v2\/pages"}],"about":[{"href":"https:\/\/oin.at\/en\/wp-json\/wp\/v2\/types\/page"}],"author":[{"embeddable":true,"href":"https:\/\/oin.at\/en\/wp-json\/wp\/v2\/users\/6"}],"replies":[{"embeddable":true,"href":"https:\/\/oin.at\/en\/wp-json\/wp\/v2\/comments?post=2293"}],"version-history":[{"count":3,"href":"https:\/\/oin.at\/en\/wp-json\/wp\/v2\/pages\/2293\/revisions"}],"predecessor-version":[{"id":2390,"href":"https:\/\/oin.at\/en\/wp-json\/wp\/v2\/pages\/2293\/revisions\/2390"}],"up":[{"embeddable":true,"href":"https:\/\/oin.at\/en\/wp-json\/wp\/v2\/pages\/2131"}],"wp:attachment":[{"href":"https:\/\/oin.at\/en\/wp-json\/wp\/v2\/media?parent=2293"}],"wp:term":[{"taxonomy":"folder","embeddable":true,"href":"https:\/\/oin.at\/en\/wp-json\/wp\/v2\/folder?post=2293"}],"curies":[{"name":"wp","href":"https:\/\/api.w.org\/{rel}","templated":true}]}}