{"id":2179,"date":"2021-03-26T18:21:56","date_gmt":"2021-03-26T17:21:56","guid":{"rendered":"https:\/\/oin.at\/?page_id=2179"},"modified":"2025-04-07T22:24:41","modified_gmt":"2025-04-07T20:24:41","slug":"naturkultur","status":"publish","type":"page","link":"https:\/\/oin.at\/en\/projekte\/naturkultur","title":{"rendered":"Natur.Kultur"},"content":{"rendered":"<section id=\"home\" class=\"vc_row wpb_row vc_row-fluid vc_custom_1449804203564\" style=\"color: \"><div class=\"wpb_column vc_column_container vc_col-sm-12\"><div class=\"vc_column-inner vc_custom_1444218377317\"><div class=\"wpb_wrapper\">\n\t\t\t<!-- START Naturkulturhero 1 REVOLUTION SLIDER 6.6.15 --><p class=\"rs-p-wp-fix\"><\/p>\n\t\t\t<rs-module-wrap id=\"rev_slider_23_1_wrapper\" data-source=\"gallery\" style=\"visibility:hidden;background:transparent;padding:0;margin:0px auto;margin-top:0;margin-bottom:0;\">\n\t\t\t\t<rs-module id=\"rev_slider_23_1\" style=\"\" data-version=\"6.6.15\">\n\t\t\t\t\t<rs-slides style=\"overflow: hidden; position: absolute;\">\n\t\t\t\t\t\t<rs-slide style=\"position: absolute;\" data-key=\"rs-58\" data-title=\"Intro\" data-anim=\"adpr:false;ms:2000;\" data-in=\"o:-0.5;sx:1.6;sy:1.6;e:power4.inOut;\" data-out=\"o:0;sx:0.6;sy:0.6;e:power4.inOut;\">\n\t\t\t\t\t\t\t<img fetchpriority=\"high\" decoding=\"async\" src=\"\/\/oin.at\/wp-content\/plugins\/revslider\/public\/assets\/assets\/dummy.png\" alt=\"\" title=\"LMBerg70x105 copy\" width=\"2560\" height=\"1707\" class=\"rev-slidebg tp-rs-img rs-lazyload\" data-lazyload=\"\/\/oin.at\/wp-content\/uploads\/2021\/02\/LMBerg70x105-copy-scaled.jpg\" data-parallax=\"10\" data-no-retina>\n\t\t\t\t\t\t\t<rs-bgvideo \n\t\t\t\t\t\t\t\tdata-video=\"vc:none;w:100%;h:100%;nse:false;l:true;ptimer:false;\"\n\t\t\t\t\t\t\t\tdata-vimeoid=\"524032938\"\n\t\t\t\t\t\t\t\tdata-vatr=\"background=1&amp;title=0&amp;byline=0&amp;portrait=0&amp;api=1\"\n\t\t\t\t\t\t\t><\/rs-bgvideo>\n<!--\n\t\t\t\t\t\t\t--><rs-layer\n\t\t\t\t\t\t\t\tid=\"slider-23-slide-58-layer-1\" \n\t\t\t\t\t\t\t\tclass=\"NotGeneric-Title\"\n\t\t\t\t\t\t\t\tdata-type=\"text\"\n\t\t\t\t\t\t\t\tdata-color=\"rgba(255,255,255,1)\"\n\t\t\t\t\t\t\t\tdata-rsp_ch=\"on\"\n\t\t\t\t\t\t\t\tdata-xy=\"x:c;y:m;yo:0,0,-22px,-29px;\"\n\t\t\t\t\t\t\t\tdata-text=\"s:70,70,70,50;l:70,70,70,50;fw:800;\"\n\t\t\t\t\t\t\t\tdata-padding=\"t:10;b:10;\"\n\t\t\t\t\t\t\t\tdata-frame_0=\"sX:1.5;sY:1.5;\"\n\t\t\t\t\t\t\t\tdata-frame_0_mask=\"u:t;\"\n\t\t\t\t\t\t\t\tdata-frame_1=\"st:1000;sp:1500;\"\n\t\t\t\t\t\t\t\tdata-frame_1_mask=\"u:t;\"\n\t\t\t\t\t\t\t\tdata-frame_999=\"y:100%;e:power2.inOut;st:w;sp:1000;\"\n\t\t\t\t\t\t\t\tdata-frame_999_mask=\"u:t;\"\n\t\t\t\t\t\t\t\tstyle=\"z-index:7;font-family:'Raleway';\"\n\t\t\t\t\t\t\t>Naturkultur \n\t\t\t\t\t\t\t<\/rs-layer><!--\n\n\t\t\t\t\t\t\t--><rs-layer\n\t\t\t\t\t\t\t\tid=\"slider-23-slide-58-layer-4\" \n\t\t\t\t\t\t\t\tclass=\"NotGeneric-SubTitle\"\n\t\t\t\t\t\t\t\tdata-type=\"text\"\n\t\t\t\t\t\t\t\tdata-color=\"rgba(255,255,255,1)\"\n\t\t\t\t\t\t\t\tdata-rsp_ch=\"on\"\n\t\t\t\t\t\t\t\tdata-xy=\"x:c;y:m;yo:52px,52px,28px,13px;\"\n\t\t\t\t\t\t\t\tdata-text=\"s:13;l:20;ls:4px;fw:500;\"\n\t\t\t\t\t\t\t\tdata-frame_0=\"y:100%;\"\n\t\t\t\t\t\t\t\tdata-frame_0_mask=\"u:t;y:100%;\"\n\t\t\t\t\t\t\t\tdata-frame_1=\"e:power4.inOut;st:1000;sp:1500;\"\n\t\t\t\t\t\t\t\tdata-frame_1_mask=\"u:t;\"\n\t\t\t\t\t\t\t\tdata-frame_999=\"y:100%;e:power2.inOut;st:w;sp:1000;\"\n\t\t\t\t\t\t\t\tdata-frame_999_mask=\"u:t;\"\n\t\t\t\t\t\t\t\tstyle=\"z-index:8;font-family:'Raleway';\"\n\t\t\t\t\t\t\t>Klimaneutralit\u00e4t * JETZT! \n\t\t\t\t\t\t\t<\/rs-layer><!--\n\n\t\t\t\t\t\t\t--><rs-layer\n\t\t\t\t\t\t\t\tid=\"slider-23-slide-58-layer-8\" \n\t\t\t\t\t\t\t\tclass=\"NotGeneric-Icon\"\n\t\t\t\t\t\t\t\tdata-type=\"text\"\n\t\t\t\t\t\t\t\tdata-color=\"rgba(255,255,255,1)\"\n\t\t\t\t\t\t\t\tdata-rsp_ch=\"on\"\n\t\t\t\t\t\t\t\tdata-xy=\"x:c;y:m;yo:-66px,-68px,-78px,-78px;\"\n\t\t\t\t\t\t\t\tdata-text=\"s:30;l:30;ls:3px;\"\n\t\t\t\t\t\t\t\tdata-frame_0=\"y:100%;\"\n\t\t\t\t\t\t\t\tdata-frame_0_mask=\"u:t;y:100%;\"\n\t\t\t\t\t\t\t\tdata-frame_1=\"e:power4.inOut;st:1000;sp:1500;\"\n\t\t\t\t\t\t\t\tdata-frame_1_mask=\"u:t;\"\n\t\t\t\t\t\t\t\tdata-frame_999=\"y:100%;e:power2.inOut;st:w;sp:1000;\"\n\t\t\t\t\t\t\t\tdata-frame_999_mask=\"u:t;\"\n\t\t\t\t\t\t\t\tstyle=\"z-index:6;font-family:'Raleway';\"\n\t\t\t\t\t\t\t><i class=\"pe-7s-paper-plane\"><\/i> \n\t\t\t\t\t\t\t<\/rs-layer><!--\n\n\t\t\t\t\t\t\t--><rs-layer\n\t\t\t\t\t\t\t\tid=\"slider-23-slide-58-layer-10\" \n\t\t\t\t\t\t\t\tclass=\"tp-shape tp-shapewrapper\"\n\t\t\t\t\t\t\t\tdata-type=\"shape\"\n\t\t\t\t\t\t\t\tdata-xy=\"x:c;y:m;\"\n\t\t\t\t\t\t\t\tdata-text=\"fw:800;\"\n\t\t\t\t\t\t\t\tdata-dim=\"w:100%;h:100%;\"\n\t\t\t\t\t\t\t\tdata-basealign=\"slide\"\n\t\t\t\t\t\t\t\tdata-rsp_bd=\"off\"\n\t\t\t\t\t\t\t\tdata-frame_1=\"st:750;sp:1500;\"\n\t\t\t\t\t\t\t\tdata-frame_999=\"e:nothing;st:w;\"\n\t\t\t\t\t\t\t\tstyle=\"z-index:5;background-color:rgba(0,0,0,0.40);\"\n\t\t\t\t\t\t\t> \n\t\t\t\t\t\t\t<\/rs-layer><!--\n-->\t\t\t\t\t\t<\/rs-slide>\n\t\t\t\t\t<\/rs-slides>\n\t\t\t\t<\/rs-module>\n\t\t\t\t<script>\n\t\t\t\t\tsetREVStartSize({c: 'rev_slider_23_1',rl:[1240,1024,778,480],el:[600,500,400,300],gw:[1240,1024,778,480],gh:[600,500,400,300],type:'hero',justify:'',layout:'fullwidth',mh:\"0\"});if (window.RS_MODULES!==undefined && window.RS_MODULES.modules!==undefined && window.RS_MODULES.modules[\"revslider231\"]!==undefined) {window.RS_MODULES.modules[\"revslider231\"].once = false;window.revapi23 = undefined;if (window.RS_MODULES.checkMinimal!==undefined) window.RS_MODULES.checkMinimal()}\n\t\t\t\t<\/script>\n\t\t\t<\/rs-module-wrap>\n\t\t\t<!-- END REVOLUTION SLIDER -->\n<\/div><\/div><\/div><\/section><section id=\"about\" class=\"vc_row wpb_row vc_row-fluid clear_sec\" style=\"color: \"><div class=\"spe_about fixpadding_left wpb_column vc_column_container vc_col-sm-6 vc_col-lg-6 vc_col-md-6 vc_col-has-fill\"><div class=\"vc_column-inner vc_custom_1612803860439\"><div class=\"wpb_wrapper\"><div class=\"events_heading text-left oin__heading\">\n<h2>Naturkultur<\/h2>\n<h5>Combined climate protection project Austria and Colombia.<\/h5>\n<hr\/><\/div>\n\t<div class=\"wpb_text_column wpb_content_element  about_info\" >\n\t\t<div class=\"wpb_wrapper\">\n\t\t\t<p><em><span style=\"color: #ff9900;\">THE PURPOSE<\/span><\/em><br \/>\n<strong>Climate neutrality<\/strong>: Quick and easy realisation of climate neutrality for companies, organisations and individuals.<\/p>\n<p><strong>Investment<\/strong>: Sustainable investment in domestic forest regions for climate protection, species conservation, generation protection and more.<\/p>\n<p><strong>Regional and global<\/strong>: Comprehensive solution for long-term CO2 compensation through Austrian and international projects.<\/p>\n<p style=\"font-weight: 400;\"><strong>Competence<\/strong>: Das \u00d6IN betreibt seit Jahren kleine Klimaschutzprojekte in Kolumbien gemeinsam mit starken lokalen Partnern aus Zivilgesellschaft, Wissenschaft und Kunst.<\/p>\n<p style=\"font-weight: 400;\"><strong>Credibility<\/strong>: Pr\u00fcfung des Projektes und des Projektgebietes durch die staatliche kolumbianische \u201eUniversidad Javeriana\u201c (laufend)<\/p>\n<p><span style=\"color: #ff9900;\"><em>MAGDALENA MEDIO, Colombia<\/em><\/span><br \/>\n<strong>Forest conservation and species protection through nature conservation contracts.<\/strong><\/p>\n<p>Im Zentrum Kolumbiens, in der N\u00e4he von La Dorada, befindet sich das Gebiet dieses REDD+ Naturschutzprojekts. Um den Wald, die Tierwelt und Pflanzen zu sch\u00fctzen, wird im Rahmen des Natur.Kultur Projekts eine Fl\u00e4che von ca. 5000 Hektar gesch\u00fctzt und nachhaltig entwickelt. Die nachhaltige Bewirtschaftung f\u00fchrt v.a. \u00fcber die Einf\u00fchrung eines Agro-Forst Systems durch Wasserb\u00fcffel, auf lange Sicht zu h\u00f6heren Ertr\u00e4gen und damit zum Schutz des Waldes vor Rodung. Dar\u00fcber hinaus wird der Wald im Rahmen des Projekts zu Forschungszwecken verwendet. Eine Ausweitung der Projektfl\u00e4chen ist geplant.<\/p>\n<p><span style=\"color: #ff9900;\"><em>MURAUEN, \u00d6sterreich<\/em><\/span><br \/>\n<strong>Schutz der naturnahen Murauen und Auw\u00e4ldern<\/strong><\/p>\n<p>An der s\u00fcd\u00f6stlichen Grenze \u00d6sterreichs bildet der Fluss Mur eine naturbelassene Au mit Auw\u00e4ldern, Trockenrasen und anderen, sehr selten gewordenen \u00f6kologischen Nischen. Das \u00d6IN wird in einem ersten Schritt den steirischen Naturschutzbund beim Kauf kleiner Auwaldparzellen unterst\u00fctzen. Mehr Details folgen bald!<\/p>\n\n\t\t<\/div>\n\t<\/div>\n<\/div><\/div><\/div><div class=\"spe_about_bg oin__imagewdescription wpb_column vc_column_container vc_col-sm-6 vc_col-lg-6 vc_col-md-6 vc_col-has-fill\"><div class=\"vc_column-inner vc_custom_1618074758885\"><div class=\"wpb_wrapper\">\n\t<div class=\"wpb_single_image wpb_content_element vc_align_left\" data-animation=\"fadeInUp\" data-animation_delay=\"300\">\n\t\t<div class=\"wpb_wrapper\">\n\t\t\t\n\t\t\t<div class=\"vc_single_image-wrapper   vc_box_border_grey\"><img decoding=\"async\" width=\"960\" height=\"540\" src=\"https:\/\/oin.at\/wp-content\/uploads\/2021\/03\/hitzewelle-klimanotstand.jpg\" class=\"vc_single_image-img attachment-large\" alt=\"\" srcset=\"https:\/\/oin.at\/wp-content\/uploads\/2021\/03\/hitzewelle-klimanotstand.jpg 960w, https:\/\/oin.at\/wp-content\/uploads\/2021\/03\/hitzewelle-klimanotstand-300x169.jpg 300w, https:\/\/oin.at\/wp-content\/uploads\/2021\/03\/hitzewelle-klimanotstand-768x432.jpg 768w\" sizes=\"(max-width: 960px) 100vw, 960px\" \/><\/div>\n\t\t<\/div>\n\t<\/div>\n\n\t<div class=\"wpb_single_image wpb_content_element vc_align_left\" data-animation=\"fadeInUp\" data-animation_delay=\"300\">\n\t\t<div class=\"wpb_wrapper\">\n\t\t\t\n\t\t\t<div class=\"vc_single_image-wrapper   vc_box_border_grey\"><img decoding=\"async\" width=\"1024\" height=\"683\" src=\"https:\/\/oin.at\/wp-content\/uploads\/revslider\/notgenericherobg-1024x683.jpg\" class=\"vc_single_image-img attachment-large\" alt=\"\" srcset=\"https:\/\/oin.at\/wp-content\/uploads\/revslider\/notgenericherobg-1024x683.jpg 1024w, https:\/\/oin.at\/wp-content\/uploads\/revslider\/notgenericherobg-300x200.jpg 300w, https:\/\/oin.at\/wp-content\/uploads\/revslider\/notgenericherobg-768x512.jpg 768w, https:\/\/oin.at\/wp-content\/uploads\/revslider\/notgenericherobg-391x260.jpg 391w, https:\/\/oin.at\/wp-content\/uploads\/revslider\/notgenericherobg-1536x1024.jpg 1536w, https:\/\/oin.at\/wp-content\/uploads\/revslider\/notgenericherobg.jpg 1920w\" sizes=\"(max-width: 1024px) 100vw, 1024px\" \/><\/div>\n\t\t<\/div>\n\t<\/div>\n\n\t<div class=\"wpb_single_image wpb_content_element vc_align_left\" data-animation=\"fadeInUp\" data-animation_delay=\"300\">\n\t\t<div class=\"wpb_wrapper\">\n\t\t\t\n\t\t\t<div class=\"vc_single_image-wrapper   vc_box_border_grey\"><img loading=\"lazy\" decoding=\"async\" width=\"1024\" height=\"683\" src=\"https:\/\/oin.at\/wp-content\/uploads\/2021\/02\/LMBerg70x105-copy-1024x683.jpg\" class=\"vc_single_image-img attachment-large\" alt=\"\" srcset=\"https:\/\/oin.at\/wp-content\/uploads\/2021\/02\/LMBerg70x105-copy-1024x683.jpg 1024w, https:\/\/oin.at\/wp-content\/uploads\/2021\/02\/LMBerg70x105-copy-300x200.jpg 300w, https:\/\/oin.at\/wp-content\/uploads\/2021\/02\/LMBerg70x105-copy-768x512.jpg 768w, https:\/\/oin.at\/wp-content\/uploads\/2021\/02\/LMBerg70x105-copy-1536x1024.jpg 1536w, https:\/\/oin.at\/wp-content\/uploads\/2021\/02\/LMBerg70x105-copy-2048x1365.jpg 2048w\" sizes=\"(max-width: 1024px) 100vw, 1024px\" \/><\/div>\n\t\t<\/div>\n\t<\/div>\n<\/div><\/div><\/div><\/section><section data-vc-parallax=\"1.5\" data-vc-parallax-image=\"https:\/\/oin.at\/wp-content\/uploads\/2015\/10\/Event_22.jpg\" class=\"vc_row wpb_row vc_row-fluid vc_row-has-fill vc_general vc_parallax vc_parallax-content-moving\" style=\"color: #ffffff\"><div class=\"patter_bg\" style=\"background-color:#63acf1; opacity:0.7\" ><\/div><div class=\"container\"><div class=\"row\"><div class=\"wpb_column vc_column_container vc_col-sm-12 vc_hidden-lg vc_hidden-md vc_hidden-sm vc_hidden-xs\"><div class=\"vc_column-inner vc_custom_1453880029060\"><div class=\"wpb_wrapper\"><div class=\"events_heading text-center white_text\">\n<h2>What Theme Say<\/h2>\n<h3>Read what the previous attendees had to say !<\/h3>\n<hr\/><\/div><\/div><\/div><\/div><div class=\"wpb_column vc_column_container vc_col-sm-12 vc_hidden-lg vc_hidden-md vc_hidden-sm vc_hidden-xs\"><div class=\"vc_column-inner vc_custom_1453879980427\"><div class=\"wpb_wrapper\">\n    <div>\n      <div  class=\"owl-carousel events_twitter  twitter_wrap\" data-count=\"3\"  data-duration=\"3000\" data-autoplay=\"true\" data-dots=\"true\" data-loop=\"true\">\n      <div class=\"twitter-wjs\">\n            <blockquote class=\"twitter-tweet\">\n            <a href=\"https:\/\/twitter.com\/Max_Carnahan\/status\/667425425019285504\">\n            <\/a>\n            <\/blockquote>\n            <\/div>\n            <div class=\"twitter-wjs\">\n            <blockquote class=\"twitter-tweet\">\n            <a href=\"https:\/\/twitter.com\/Max_Carnahan\/status\/667812577401925632\">\n            <\/a>\n            <\/blockquote>\n            <\/div>\n            <div class=\"twitter-wjs\">\n            <blockquote class=\"twitter-tweet\">\n            <a href=\"https:\/\/twitter.com\/Max_Carnahan\/status\/663764737113493504\">\n            <\/a>\n            <\/blockquote>\n            <\/div>\n            <div class=\"twitter-wjs\">\n            <blockquote class=\"twitter-tweet\">\n            <a href=\"https:\/\/twitter.com\/Max_Carnahan\/status\/663502824483909633\">\n            <\/a>\n            <\/blockquote>\n            <\/div>\n            \n    <\/div><\/div>\n    <\/div><\/div><\/div><\/div><\/div><\/section>","protected":false},"excerpt":{"rendered":"Naturkultur Klimaneutralit\u00e4t * JETZT! Naturkultur Kombiniertes Klimaschutzprojekt \u00d6sterreich und Kolumbien. DER SINN UND ZWECK Klimaneutralit\u00e4t: Rasche und einfache Realisierung der Klimaneutralit\u00e4t von Unternehmen, Organisationen und Personen. Investition: Nachhaltige Investition in heimische Waldregionen f\u00fcr Klimaschutz, Artenschutz, Generationenschutz und mehr. Regional und global: Umfassende L\u00f6sung zur langfristigen CO2-Kompensation durch \u00f6sterreichische und internationale Projekte. Kompetenz: Das \u00d6IN betreibt [...]","protected":false},"author":6,"featured_media":0,"parent":2131,"menu_order":0,"comment_status":"closed","ping_status":"closed","template":"templates\/visualcomposer_template.php","meta":{"_mi_skip_tracking":false,"_monsterinsights_sitenote_active":false,"_monsterinsights_sitenote_note":"","_monsterinsights_sitenote_category":0,"footnotes":""},"folder":[60],"class_list":["post-2179","page","type-page","status-publish","hentry"],"yoast_head":"<!-- This site is optimized with the Yoast SEO Premium plugin v16.5 (Yoast SEO v20.13) - https:\/\/yoast.com\/wordpress\/plugins\/seo\/ -->\n<title>Natur.Kultur - \u00d6IN Nachhaltigkeit Projekt<\/title>\n<meta name=\"description\" content=\"Las Mercedes: Das Klimaschutz- und Kunstprojekt des \u00d6IN und ArtEmbassy in Kolumbien.\" \/>\n<meta name=\"robots\" content=\"index, follow, max-snippet:-1, max-image-preview:large, max-video-preview:-1\" \/>\n<link rel=\"canonical\" href=\"https:\/\/oin.at\/en\/projekte\/naturkultur\/\" \/>\n<meta property=\"og:locale\" content=\"en_GB\" \/>\n<meta property=\"og:type\" content=\"article\" \/>\n<meta property=\"og:title\" content=\"Natur.Kultur\" \/>\n<meta property=\"og:description\" content=\"Las Mercedes: Das Klimaschutz- und Kunstprojekt des \u00d6IN und ArtEmbassy in Kolumbien.\" \/>\n<meta property=\"og:url\" content=\"https:\/\/oin.at\/en\/projekte\/naturkultur\/\" \/>\n<meta property=\"og:site_name\" content=\"\u00d6IN\" \/>\n<meta property=\"article:modified_time\" content=\"2025-04-07T20:24:41+00:00\" \/>\n<meta name=\"twitter:card\" content=\"summary_large_image\" \/>\n<meta name=\"twitter:label1\" content=\"Estimated reading time\" \/>\n\t<meta name=\"twitter:data1\" content=\"4 minutes\" \/>\n<script type=\"application\/ld+json\" class=\"yoast-schema-graph\">{\"@context\":\"https:\/\/schema.org\",\"@graph\":[{\"@type\":\"WebPage\",\"@id\":\"https:\/\/oin.at\/projekte\/naturkultur\",\"url\":\"https:\/\/oin.at\/projekte\/naturkultur\",\"name\":\"Natur.Kultur - \u00d6IN Nachhaltigkeit Projekt\",\"isPartOf\":{\"@id\":\"https:\/\/oin.at\/#website\"},\"datePublished\":\"2021-03-26T17:21:56+00:00\",\"dateModified\":\"2025-04-07T20:24:41+00:00\",\"description\":\"Las Mercedes: Das Klimaschutz- und Kunstprojekt des \u00d6IN und ArtEmbassy in Kolumbien.\",\"breadcrumb\":{\"@id\":\"https:\/\/oin.at\/projekte\/naturkultur#breadcrumb\"},\"inLanguage\":\"en-GB\",\"potentialAction\":[{\"@type\":\"ReadAction\",\"target\":[\"https:\/\/oin.at\/projekte\/naturkultur\"]}]},{\"@type\":\"BreadcrumbList\",\"@id\":\"https:\/\/oin.at\/projekte\/naturkultur#breadcrumb\",\"itemListElement\":[{\"@type\":\"ListItem\",\"position\":1,\"name\":\"Startseite\",\"item\":\"https:\/\/oin.at\/\"},{\"@type\":\"ListItem\",\"position\":2,\"name\":\"Projekte\",\"item\":\"https:\/\/oin.at\/projekte\"},{\"@type\":\"ListItem\",\"position\":3,\"name\":\"Natur.Kultur\"}]},{\"@type\":\"WebSite\",\"@id\":\"https:\/\/oin.at\/#website\",\"url\":\"https:\/\/oin.at\/\",\"name\":\"\u00d6IN\",\"description\":\"Institut f\u00fcr Nachhaltige Entwicklung\",\"publisher\":{\"@id\":\"https:\/\/oin.at\/#organization\"},\"potentialAction\":[{\"@type\":\"SearchAction\",\"target\":{\"@type\":\"EntryPoint\",\"urlTemplate\":\"https:\/\/oin.at\/?s={search_term_string}\"},\"query-input\":\"required name=search_term_string\"}],\"inLanguage\":\"en-GB\"},{\"@type\":\"Organization\",\"@id\":\"https:\/\/oin.at\/#organization\",\"name\":\"\u00d6IN | \u00d6sterreichisches Institut f\u00fcr Nachhaltige Entwicklung\",\"url\":\"https:\/\/oin.at\/\",\"logo\":{\"@type\":\"ImageObject\",\"inLanguage\":\"en-GB\",\"@id\":\"https:\/\/oin.at\/#\/schema\/logo\/image\/\",\"url\":\"https:\/\/oin.at\/wp-content\/uploads\/2021\/03\/oinLogo_dt-CMYK-1-e1612797598919.png\",\"contentUrl\":\"https:\/\/oin.at\/wp-content\/uploads\/2021\/03\/oinLogo_dt-CMYK-1-e1612797598919.png\",\"width\":225,\"height\":54,\"caption\":\"\u00d6IN | \u00d6sterreichisches Institut f\u00fcr Nachhaltige Entwicklung\"},\"image\":{\"@id\":\"https:\/\/oin.at\/#\/schema\/logo\/image\/\"}}]}<\/script>\n<!-- \/ Yoast SEO Premium plugin. -->","yoast_head_json":{"title":"Natur.Kultur - \u00d6IN Nachhaltigkeit Projekt","description":"Las Mercedes: Das Klimaschutz- und Kunstprojekt des \u00d6IN und ArtEmbassy in Kolumbien.","robots":{"index":"index","follow":"follow","max-snippet":"max-snippet:-1","max-image-preview":"max-image-preview:large","max-video-preview":"max-video-preview:-1"},"canonical":"https:\/\/oin.at\/en\/projekte\/naturkultur\/","og_locale":"en_GB","og_type":"article","og_title":"Natur.Kultur","og_description":"Las Mercedes: Das Klimaschutz- und Kunstprojekt des \u00d6IN und ArtEmbassy in Kolumbien.","og_url":"https:\/\/oin.at\/en\/projekte\/naturkultur\/","og_site_name":"\u00d6IN","article_modified_time":"2025-04-07T20:24:41+00:00","twitter_card":"summary_large_image","twitter_misc":{"Estimated reading time":"4 minutes"},"schema":{"@context":"https:\/\/schema.org","@graph":[{"@type":"WebPage","@id":"https:\/\/oin.at\/projekte\/naturkultur","url":"https:\/\/oin.at\/projekte\/naturkultur","name":"Natur.Kultur - \u00d6IN Nachhaltigkeit Projekt","isPartOf":{"@id":"https:\/\/oin.at\/#website"},"datePublished":"2021-03-26T17:21:56+00:00","dateModified":"2025-04-07T20:24:41+00:00","description":"Las Mercedes: Das Klimaschutz- und Kunstprojekt des \u00d6IN und ArtEmbassy in Kolumbien.","breadcrumb":{"@id":"https:\/\/oin.at\/projekte\/naturkultur#breadcrumb"},"inLanguage":"en-GB","potentialAction":[{"@type":"ReadAction","target":["https:\/\/oin.at\/projekte\/naturkultur"]}]},{"@type":"BreadcrumbList","@id":"https:\/\/oin.at\/projekte\/naturkultur#breadcrumb","itemListElement":[{"@type":"ListItem","position":1,"name":"Startseite","item":"https:\/\/oin.at\/"},{"@type":"ListItem","position":2,"name":"Projekte","item":"https:\/\/oin.at\/projekte"},{"@type":"ListItem","position":3,"name":"Natur.Kultur"}]},{"@type":"WebSite","@id":"https:\/\/oin.at\/#website","url":"https:\/\/oin.at\/","name":"\u00d6IN","description":"Institut f\u00fcr Nachhaltige Entwicklung","publisher":{"@id":"https:\/\/oin.at\/#organization"},"potentialAction":[{"@type":"SearchAction","target":{"@type":"EntryPoint","urlTemplate":"https:\/\/oin.at\/?s={search_term_string}"},"query-input":"required name=search_term_string"}],"inLanguage":"en-GB"},{"@type":"Organization","@id":"https:\/\/oin.at\/#organization","name":"\u00d6IN | \u00d6sterreichisches Institut f\u00fcr Nachhaltige Entwicklung","url":"https:\/\/oin.at\/","logo":{"@type":"ImageObject","inLanguage":"en-GB","@id":"https:\/\/oin.at\/#\/schema\/logo\/image\/","url":"https:\/\/oin.at\/wp-content\/uploads\/2021\/03\/oinLogo_dt-CMYK-1-e1612797598919.png","contentUrl":"https:\/\/oin.at\/wp-content\/uploads\/2021\/03\/oinLogo_dt-CMYK-1-e1612797598919.png","width":225,"height":54,"caption":"\u00d6IN | \u00d6sterreichisches Institut f\u00fcr Nachhaltige Entwicklung"},"image":{"@id":"https:\/\/oin.at\/#\/schema\/logo\/image\/"}}]}},"_links":{"self":[{"href":"https:\/\/oin.at\/en\/wp-json\/wp\/v2\/pages\/2179","targetHints":{"allow":["GET"]}}],"collection":[{"href":"https:\/\/oin.at\/en\/wp-json\/wp\/v2\/pages"}],"about":[{"href":"https:\/\/oin.at\/en\/wp-json\/wp\/v2\/types\/page"}],"author":[{"embeddable":true,"href":"https:\/\/oin.at\/en\/wp-json\/wp\/v2\/users\/6"}],"replies":[{"embeddable":true,"href":"https:\/\/oin.at\/en\/wp-json\/wp\/v2\/comments?post=2179"}],"version-history":[{"count":24,"href":"https:\/\/oin.at\/en\/wp-json\/wp\/v2\/pages\/2179\/revisions"}],"predecessor-version":[{"id":2877,"href":"https:\/\/oin.at\/en\/wp-json\/wp\/v2\/pages\/2179\/revisions\/2877"}],"up":[{"embeddable":true,"href":"https:\/\/oin.at\/en\/wp-json\/wp\/v2\/pages\/2131"}],"wp:attachment":[{"href":"https:\/\/oin.at\/en\/wp-json\/wp\/v2\/media?parent=2179"}],"wp:term":[{"taxonomy":"folder","embeddable":true,"href":"https:\/\/oin.at\/en\/wp-json\/wp\/v2\/folder?post=2179"}],"curies":[{"name":"wp","href":"https:\/\/api.w.org\/{rel}","templated":true}]}}