{"id":2035,"date":"2021-03-17T13:42:26","date_gmt":"2021-03-17T12:42:26","guid":{"rendered":"https:\/\/oin.at\/?page_id=2035"},"modified":"2021-03-17T13:43:25","modified_gmt":"2021-03-17T12:43:25","slug":"eventdarstellungen","status":"publish","type":"page","link":"https:\/\/oin.at\/en\/eventdarstellungen","title":{"rendered":"Eventdarstellungen"},"content":{"rendered":"<section class=\"vc_row wpb_row vc_row-fluid\" style=\"color: \"><div class=\"container\"><div class=\"row\"><div class=\"wpb_column vc_column_container vc_col-sm-12\"><div class=\"vc_column-inner\"><div class=\"wpb_wrapper\"><div id=\"mec_skin_1941\" class=\"mec-wrap colorskin-custom  mec-full-calendar-wrap\">\r\n    \r\n    <div class=\"mec-search-form mec-totalcal-box\">\r\n                                    <div id=\"mec_search_form_1941\" >\r\n                                                                                <\/div>\r\n        <div id=\"mec_search_form_1941\">\r\n                                <\/div>\r\n        <div id=\"mec_search_form_1941\" class=\"mec-full-calendar-search-ends\">\r\n                            <div class=\"mec-text-input-search\"><i class=\"mec-sl-magnifier\"><\/i>\r\n                    <input type=\"search\" value=\"\" id=\"mec_sf_s_1941\" placeholder=\"\" \/>\r\n                <\/div>                                        <div class=\"mec-date-search\"><input type=\"hidden\" id=\"mec-filter-none\" value=\"Select\"><i class=\"mec-sl-calendar\"><\/i>\r\n                    <select id=\"mec_sf_month_1941\">\r\n                        <option value=\"\">Select Month<\/option><option class=\"mec-none-item\" value=\"none\" selected=\"selected\">Select<\/option><option value=\"01\">January<\/option><option value=\"02\">February<\/option><option value=\"03\">March<\/option><option value=\"04\">April<\/option><option value=\"05\">May<\/option><option value=\"06\">June<\/option><option value=\"07\">July<\/option><option value=\"08\">August<\/option><option value=\"09\">September<\/option><option value=\"10\">October<\/option><option value=\"11\">November<\/option><option value=\"12\">December<\/option><\/select><select id=\"mec_sf_year_1941\"><option class=\"mec-none-item\" value=\"none\" selected=\"selected\">Select<\/option><option value=\"2021\" >2021<\/option><option value=\"2022\" >2022<\/option><option value=\"2023\" >2023<\/option><option value=\"2024\" >2024<\/option><option value=\"2025\" >2025<\/option><option value=\"2026\" >2026<\/option><option value=\"2027\" >2027<\/option><option value=\"2028\" >2028<\/option><option value=\"2029\" >2029<\/option><option value=\"2030\" >2030<\/option><\/select><\/div>                                    <div class=\"col-md-12 mec-tab-loader\">\r\n                <div class=\"mec-totalcal-view\">\r\n                                        <span class=\"mec-totalcal-monthlyview\" data-skin=\"monthly\">Monthly<\/span>                    <span class=\"mec-totalcal-weeklyview\" data-skin=\"weekly\">Weekly<\/span>                    <span class=\"mec-totalcal-dailyview\" data-skin=\"daily\">Daily<\/span>                    <span class=\"mec-totalcal-listview mec-totalcalview-selected\" data-skin=\"list\">List<\/span>                    <span class=\"mec-totalcal-gridview\" data-skin=\"grid\">Grid<\/span>                    <span class=\"mec-totalcal-tileview\" data-skin=\"tile\">Tile<\/span>                <\/div>\r\n            <\/div>\r\n        <\/div>\r\n         \r\n    <\/div>\r\n    \r\n    <div id=\"mec_full_calendar_container_1941\" class=\"mec-full-calendar-skin-container\">\r\n        <div class=\"mec-wrap mec-skin-list-container\" id=\"mec_skin_1941\">\r\n    \r\n    \r\n        <div class=\"mec-skin-list-events-container\" id=\"mec_skin_events_1941\">\r\n        No event found!    <\/div>\r\n        \r\n        \r\n<\/div>    <\/div>\r\n    \r\n<\/div><\/div><\/div><\/div><\/div><\/div><\/section>","protected":false},"excerpt":{"rendered":"Select MonthSelectJanuaryFebruaryMarchAprilMayJuneJulyAugustSeptemberOctoberNovemberDecemberSelect2021202220232024202520262027202820292030 Monthly Weekly Daily List Grid Tile No event found!","protected":false},"author":1,"featured_media":0,"parent":0,"menu_order":0,"comment_status":"closed","ping_status":"closed","template":"templates\/visualcomposer_template.php","meta":{"_mi_skip_tracking":false,"_monsterinsights_sitenote_active":false,"_monsterinsights_sitenote_note":"","_monsterinsights_sitenote_category":0,"footnotes":""},"folder":[37],"class_list":["post-2035","page","type-page","status-publish","hentry"],"yoast_head":"<!-- This site is optimized with the Yoast SEO Premium plugin v16.5 (Yoast SEO v20.13) - https:\/\/yoast.com\/wordpress\/plugins\/seo\/ -->\n<title>Eventdarstellungen - \u00d6IN<\/title>\n<meta name=\"robots\" content=\"index, follow, max-snippet:-1, max-image-preview:large, max-video-preview:-1\" \/>\n<link rel=\"canonical\" href=\"https:\/\/oin.at\/en\/eventdarstellungen\/\" \/>\n<meta property=\"og:locale\" content=\"en_GB\" \/>\n<meta property=\"og:type\" content=\"article\" \/>\n<meta property=\"og:title\" content=\"Eventdarstellungen\" \/>\n<meta property=\"og:url\" content=\"https:\/\/oin.at\/en\/eventdarstellungen\/\" \/>\n<meta property=\"og:site_name\" content=\"\u00d6IN\" \/>\n<meta property=\"article:modified_time\" content=\"2021-03-17T12:43:25+00:00\" \/>\n<meta name=\"twitter:card\" content=\"summary_large_image\" \/>\n<meta name=\"twitter:label1\" content=\"Estimated reading time\" \/>\n\t<meta name=\"twitter:data1\" content=\"1 minute\" \/>\n<script type=\"application\/ld+json\" class=\"yoast-schema-graph\">{\"@context\":\"https:\/\/schema.org\",\"@graph\":[{\"@type\":\"WebPage\",\"@id\":\"https:\/\/oin.at\/eventdarstellungen\",\"url\":\"https:\/\/oin.at\/eventdarstellungen\",\"name\":\"Eventdarstellungen - \u00d6IN\",\"isPartOf\":{\"@id\":\"https:\/\/oin.at\/#website\"},\"datePublished\":\"2021-03-17T12:42:26+00:00\",\"dateModified\":\"2021-03-17T12:43:25+00:00\",\"breadcrumb\":{\"@id\":\"https:\/\/oin.at\/eventdarstellungen#breadcrumb\"},\"inLanguage\":\"en-GB\",\"potentialAction\":[{\"@type\":\"ReadAction\",\"target\":[\"https:\/\/oin.at\/eventdarstellungen\"]}]},{\"@type\":\"BreadcrumbList\",\"@id\":\"https:\/\/oin.at\/eventdarstellungen#breadcrumb\",\"itemListElement\":[{\"@type\":\"ListItem\",\"position\":1,\"name\":\"Startseite\",\"item\":\"https:\/\/oin.at\/\"},{\"@type\":\"ListItem\",\"position\":2,\"name\":\"Eventdarstellungen\"}]},{\"@type\":\"WebSite\",\"@id\":\"https:\/\/oin.at\/#website\",\"url\":\"https:\/\/oin.at\/\",\"name\":\"\u00d6IN\",\"description\":\"Institut f\u00fcr Nachhaltige Entwicklung\",\"publisher\":{\"@id\":\"https:\/\/oin.at\/#organization\"},\"potentialAction\":[{\"@type\":\"SearchAction\",\"target\":{\"@type\":\"EntryPoint\",\"urlTemplate\":\"https:\/\/oin.at\/?s={search_term_string}\"},\"query-input\":\"required name=search_term_string\"}],\"inLanguage\":\"en-GB\"},{\"@type\":\"Organization\",\"@id\":\"https:\/\/oin.at\/#organization\",\"name\":\"\u00d6IN | \u00d6sterreichisches Institut f\u00fcr Nachhaltige Entwicklung\",\"url\":\"https:\/\/oin.at\/\",\"logo\":{\"@type\":\"ImageObject\",\"inLanguage\":\"en-GB\",\"@id\":\"https:\/\/oin.at\/#\/schema\/logo\/image\/\",\"url\":\"https:\/\/oin.at\/wp-content\/uploads\/2021\/03\/oinLogo_dt-CMYK-1-e1612797598919.png\",\"contentUrl\":\"https:\/\/oin.at\/wp-content\/uploads\/2021\/03\/oinLogo_dt-CMYK-1-e1612797598919.png\",\"width\":225,\"height\":54,\"caption\":\"\u00d6IN | \u00d6sterreichisches Institut f\u00fcr Nachhaltige Entwicklung\"},\"image\":{\"@id\":\"https:\/\/oin.at\/#\/schema\/logo\/image\/\"}}]}<\/script>\n<!-- \/ Yoast SEO Premium plugin. -->","yoast_head_json":{"title":"Eventdarstellungen - \u00d6IN","robots":{"index":"index","follow":"follow","max-snippet":"max-snippet:-1","max-image-preview":"max-image-preview:large","max-video-preview":"max-video-preview:-1"},"canonical":"https:\/\/oin.at\/en\/eventdarstellungen\/","og_locale":"en_GB","og_type":"article","og_title":"Eventdarstellungen","og_url":"https:\/\/oin.at\/en\/eventdarstellungen\/","og_site_name":"\u00d6IN","article_modified_time":"2021-03-17T12:43:25+00:00","twitter_card":"summary_large_image","twitter_misc":{"Estimated reading time":"1 minute"},"schema":{"@context":"https:\/\/schema.org","@graph":[{"@type":"WebPage","@id":"https:\/\/oin.at\/eventdarstellungen","url":"https:\/\/oin.at\/eventdarstellungen","name":"Eventdarstellungen - \u00d6IN","isPartOf":{"@id":"https:\/\/oin.at\/#website"},"datePublished":"2021-03-17T12:42:26+00:00","dateModified":"2021-03-17T12:43:25+00:00","breadcrumb":{"@id":"https:\/\/oin.at\/eventdarstellungen#breadcrumb"},"inLanguage":"en-GB","potentialAction":[{"@type":"ReadAction","target":["https:\/\/oin.at\/eventdarstellungen"]}]},{"@type":"BreadcrumbList","@id":"https:\/\/oin.at\/eventdarstellungen#breadcrumb","itemListElement":[{"@type":"ListItem","position":1,"name":"Startseite","item":"https:\/\/oin.at\/"},{"@type":"ListItem","position":2,"name":"Eventdarstellungen"}]},{"@type":"WebSite","@id":"https:\/\/oin.at\/#website","url":"https:\/\/oin.at\/","name":"\u00d6IN","description":"Institut f\u00fcr Nachhaltige Entwicklung","publisher":{"@id":"https:\/\/oin.at\/#organization"},"potentialAction":[{"@type":"SearchAction","target":{"@type":"EntryPoint","urlTemplate":"https:\/\/oin.at\/?s={search_term_string}"},"query-input":"required name=search_term_string"}],"inLanguage":"en-GB"},{"@type":"Organization","@id":"https:\/\/oin.at\/#organization","name":"\u00d6IN | \u00d6sterreichisches Institut f\u00fcr Nachhaltige Entwicklung","url":"https:\/\/oin.at\/","logo":{"@type":"ImageObject","inLanguage":"en-GB","@id":"https:\/\/oin.at\/#\/schema\/logo\/image\/","url":"https:\/\/oin.at\/wp-content\/uploads\/2021\/03\/oinLogo_dt-CMYK-1-e1612797598919.png","contentUrl":"https:\/\/oin.at\/wp-content\/uploads\/2021\/03\/oinLogo_dt-CMYK-1-e1612797598919.png","width":225,"height":54,"caption":"\u00d6IN | \u00d6sterreichisches Institut f\u00fcr Nachhaltige Entwicklung"},"image":{"@id":"https:\/\/oin.at\/#\/schema\/logo\/image\/"}}]}},"_links":{"self":[{"href":"https:\/\/oin.at\/en\/wp-json\/wp\/v2\/pages\/2035","targetHints":{"allow":["GET"]}}],"collection":[{"href":"https:\/\/oin.at\/en\/wp-json\/wp\/v2\/pages"}],"about":[{"href":"https:\/\/oin.at\/en\/wp-json\/wp\/v2\/types\/page"}],"author":[{"embeddable":true,"href":"https:\/\/oin.at\/en\/wp-json\/wp\/v2\/users\/1"}],"replies":[{"embeddable":true,"href":"https:\/\/oin.at\/en\/wp-json\/wp\/v2\/comments?post=2035"}],"version-history":[{"count":2,"href":"https:\/\/oin.at\/en\/wp-json\/wp\/v2\/pages\/2035\/revisions"}],"predecessor-version":[{"id":2037,"href":"https:\/\/oin.at\/en\/wp-json\/wp\/v2\/pages\/2035\/revisions\/2037"}],"wp:attachment":[{"href":"https:\/\/oin.at\/en\/wp-json\/wp\/v2\/media?parent=2035"}],"wp:term":[{"taxonomy":"folder","embeddable":true,"href":"https:\/\/oin.at\/en\/wp-json\/wp\/v2\/folder?post=2035"}],"curies":[{"name":"wp","href":"https:\/\/api.w.org\/{rel}","templated":true}]}}