{"id":1738,"date":"2021-02-15T17:15:32","date_gmt":"2021-02-15T16:15:32","guid":{"rendered":"https:\/\/oin.at\/?page_id=1738"},"modified":"2021-05-27T11:13:57","modified_gmt":"2021-05-27T09:13:57","slug":"oin","status":"publish","type":"page","link":"https:\/\/oin.at\/en\/oin","title":{"rendered":"\u00d6IN | \u00d6sterreichisches Institut f\u00fcr Nachhaltige Entwicklung"},"content":{"rendered":"<section id=\"home\" class=\"vc_row wpb_row vc_row-fluid vc_custom_1613564967145\" style=\"color: \"><div class=\"wpb_column vc_column_container vc_col-sm-12\"><div class=\"vc_column-inner vc_custom_1613564973567\"><div class=\"wpb_wrapper\">\n\t\t\t<!-- START \u00d6IN Hero neu REVOLUTION SLIDER 6.6.15 --><p class=\"rs-p-wp-fix\"><\/p>\n\t\t\t<rs-module-wrap id=\"rev_slider_25_1_wrapper\" data-source=\"gallery\" style=\"visibility:hidden;background:transparent;padding:0;\">\n\t\t\t\t<rs-module id=\"rev_slider_25_1\" style=\"\" data-version=\"6.6.15\">\n\t\t\t\t\t<rs-slides style=\"overflow: hidden; position: absolute;\">\n\t\t\t\t\t\t<rs-slide style=\"position: absolute;\" data-key=\"rs-68\" data-title=\"Gesellschaft\" data-anim=\"adpr:false;ms:2310;\" data-in=\"o:0;y:(100%);\" data-out=\"a:false;\" data-p1=\"Weltweite Gerechtigkeit\">\n\t\t\t\t\t\t\t<img fetchpriority=\"high\" decoding=\"async\" src=\"\/\/oin.at\/wp-content\/plugins\/revslider\/public\/assets\/assets\/dummy.png\" alt=\"intitutePageImg\" title=\"intitutePageImg\" width=\"1440\" height=\"917\" class=\"rev-slidebg tp-rs-img rs-lazyload\" data-lazyload=\"\/\/oin.at\/wp-content\/uploads\/2022\/05\/intitutePageImg.jpg\" data-parallax=\"off\" data-no-retina>\n<!---->\t\t\t\t\t\t<\/rs-slide>\n\t\t\t\t\t<\/rs-slides>\n\t\t\t\t<\/rs-module>\n\t\t\t\t<script>\n\t\t\t\t\tsetREVStartSize({c: 'rev_slider_25_1',rl:[1240,1024,778,480],el:[868,768,960,720],gw:[1240,1024,778,480],gh:[868,768,960,720],type:'standard',justify:'',layout:'fullscreen',offsetContainer:'',offset:'60px',mh:\"0\"});if (window.RS_MODULES!==undefined && window.RS_MODULES.modules!==undefined && window.RS_MODULES.modules[\"revslider251\"]!==undefined) {window.RS_MODULES.modules[\"revslider251\"].once = false;window.revapi25 = undefined;if (window.RS_MODULES.checkMinimal!==undefined) window.RS_MODULES.checkMinimal()}\n\t\t\t\t<\/script>\n\t\t\t<\/rs-module-wrap>\n\t\t\t<!-- END REVOLUTION SLIDER -->\n<\/div><\/div><\/div><\/section><section id=\"about\" class=\"vc_row wpb_row vc_row-fluid clear_sec\" style=\"color: \"><div class=\"spe_about fixpadding_left wpb_column vc_column_container vc_col-sm-6 vc_col-lg-6 vc_col-md-6 vc_col-has-fill\"><div class=\"vc_column-inner vc_custom_1618240467627\"><div class=\"wpb_wrapper\"><div class=\"events_heading text-left oin__heading\">\n<h2>The \u00d6IN<\/h2>\n<h5>Austrian Institute for Sustainable Development.<\/h5>\n<hr\/><\/div>\n\t<div class=\"wpb_text_column wpb_content_element  vc_custom_1618241484039 about_info\" >\n\t\t<div class=\"wpb_wrapper\">\n\t\t\t<p><em><span style=\"color: #ff9900;\">THE PURPOSE<\/span><\/em>. <span style=\"color: #333333;\">We research and pioneer the implementation of sustainability, combining art and science with living practice. The Austrian Institute for Sustainable Development (\u00d6IN) is committed to a society in which people live and work in such a way that the quality of life is maintained in a sustainable and globally equitable manner for this and future generations<\/span>.\u00a0<span style=\"color: #333333;\">.<\/span><\/p>\n\n\t\t<\/div>\n\t<\/div>\n\n\t<div class=\"wpb_single_image wpb_content_element vc_align_center  vc_custom_1618241440203\" data-animation=\"\" data-animation_delay=\"\">\n\t\t<div class=\"wpb_wrapper\">\n\t\t\t\n\t\t\t<div class=\"vc_single_image-wrapper   vc_box_border_grey\"><img decoding=\"async\" width=\"239\" height=\"131\" src=\"https:\/\/oin.at\/wp-content\/uploads\/2021\/02\/wirueberuns_vision.jpg\" class=\"vc_single_image-img attachment-large\" alt=\"\" \/><\/div>\n\t\t<\/div>\n\t<\/div>\n\n\t<div class=\"wpb_text_column wpb_content_element  about_info\" >\n\t\t<div class=\"wpb_wrapper\">\n\t\t\t<p><span style=\"color: #ff9900;\"><em>THE VISION<\/em><\/span>. <span style=\"color: #333333;\">The vision of \u00d6IN describes a society in which the interactions between environment, economy and social aspects are holistically recognised and taken into account and or transformed. These 3 system levels of sustainability are harmoniously balanced by all of us taking responsibility for how we live and operate<\/span>.<span style=\"color: #333333;\">.<\/span><\/p>\n\n\t\t<\/div>\n\t<\/div>\n<\/div><\/div><\/div><div class=\"spe_about_bg oin__imagewdescription wpb_column vc_column_container vc_col-sm-6 vc_col-lg-6 vc_col-md-6 vc_col-has-fill\"><div class=\"vc_column-inner vc_custom_1618240052535\"><div class=\"wpb_wrapper\">\n\t<div class=\"wpb_single_image wpb_content_element vc_align_center\" data-animation=\"\" data-animation_delay=\"\">\n\t\t<div class=\"wpb_wrapper\">\n\t\t\t\n\t\t\t<div class=\"vc_single_image-wrapper   vc_box_border_grey\"><img decoding=\"async\" width=\"1024\" height=\"683\" src=\"https:\/\/oin.at\/wp-content\/uploads\/2021\/02\/nature-3289812_1920-1024x683.jpg\" class=\"vc_single_image-img attachment-large\" alt=\"\" srcset=\"https:\/\/oin.at\/wp-content\/uploads\/2021\/02\/nature-3289812_1920-1024x683.jpg 1024w, https:\/\/oin.at\/wp-content\/uploads\/2021\/02\/nature-3289812_1920-300x200.jpg 300w, https:\/\/oin.at\/wp-content\/uploads\/2021\/02\/nature-3289812_1920-768x512.jpg 768w, https:\/\/oin.at\/wp-content\/uploads\/2021\/02\/nature-3289812_1920-1536x1024.jpg 1536w, https:\/\/oin.at\/wp-content\/uploads\/2021\/02\/nature-3289812_1920.jpg 1920w\" sizes=\"(max-width: 1024px) 100vw, 1024px\" \/><\/div>\n\t\t<\/div>\n\t<\/div>\n<\/div><\/div><\/div><\/section><section data-vc-parallax=\"1.5\" data-vc-parallax-image=\"https:\/\/oin.at\/wp-content\/uploads\/2015\/10\/Event_22.jpg\" class=\"vc_row wpb_row vc_row-fluid vc_row-has-fill vc_general vc_parallax vc_parallax-content-moving\" style=\"color: #ffffff\"><div class=\"patter_bg\" style=\"background-color:#63acf1; opacity:0.7\" ><\/div><div class=\"container\"><div class=\"row\"><div class=\"wpb_column vc_column_container vc_col-sm-12 vc_hidden-lg vc_hidden-md vc_hidden-sm vc_hidden-xs\"><div class=\"vc_column-inner vc_custom_1453880029060\"><div class=\"wpb_wrapper\"><div class=\"events_heading text-center white_text\">\n<h2>What Theme Say<\/h2>\n<h3>Read what the previous attendees had to say !<\/h3>\n<hr\/><\/div><\/div><\/div><\/div><div class=\"wpb_column vc_column_container vc_col-sm-12 vc_hidden-lg vc_hidden-md vc_hidden-sm vc_hidden-xs\"><div class=\"vc_column-inner vc_custom_1453879980427\"><div class=\"wpb_wrapper\">\n    <div>\n      <div  class=\"owl-carousel events_twitter  twitter_wrap\" data-count=\"3\"  data-duration=\"3000\" data-autoplay=\"true\" data-dots=\"true\" data-loop=\"true\">\n      <div class=\"twitter-wjs\">\n            <blockquote class=\"twitter-tweet\">\n            <a href=\"https:\/\/twitter.com\/Max_Carnahan\/status\/667425425019285504\">\n            <\/a>\n            <\/blockquote>\n            <\/div>\n            <div class=\"twitter-wjs\">\n            <blockquote class=\"twitter-tweet\">\n            <a href=\"https:\/\/twitter.com\/Max_Carnahan\/status\/667812577401925632\">\n            <\/a>\n            <\/blockquote>\n            <\/div>\n            <div class=\"twitter-wjs\">\n            <blockquote class=\"twitter-tweet\">\n            <a href=\"https:\/\/twitter.com\/Max_Carnahan\/status\/663764737113493504\">\n            <\/a>\n            <\/blockquote>\n            <\/div>\n            <div class=\"twitter-wjs\">\n            <blockquote class=\"twitter-tweet\">\n            <a href=\"https:\/\/twitter.com\/Max_Carnahan\/status\/663502824483909633\">\n            <\/a>\n            <\/blockquote>\n            <\/div>\n            \n    <\/div><\/div>\n    <\/div><\/div><\/div><\/div><\/div><\/section>","protected":false},"excerpt":{"rendered":"DAS \u00d6IN \u00d6sterreichisches Institut f\u00fcr Nachhaltige Entwicklung. DER ZWECK. Wir forschen und leisten Pionierarbeit in der Umsetzung von Nachhaltigkeit.Dabei verbinden wir Kunst und Wissenschaft, und lebendige Praxis.\u00a0Das \u00d6sterreichische Institut f\u00fcr Nachhaltige Entwicklung (\u00d6IN) setzt sich f\u00fcr eine Gesellschaft ein, in der Menschen so leben und wirtschaften, dass die Lebensqualit\u00e4t dauerhaft und weltweit gerecht f\u00fcr diese [...]","protected":false},"author":1,"featured_media":0,"parent":0,"menu_order":0,"comment_status":"closed","ping_status":"closed","template":"templates\/visualcomposer_template.php","meta":{"_mi_skip_tracking":false,"_monsterinsights_sitenote_active":false,"_monsterinsights_sitenote_note":"","_monsterinsights_sitenote_category":0,"footnotes":""},"folder":[38],"class_list":["post-1738","page","type-page","status-publish","hentry"],"yoast_head":"<!-- This site is optimized with the Yoast SEO Premium plugin v16.5 (Yoast SEO v20.13) - https:\/\/yoast.com\/wordpress\/plugins\/seo\/ -->\n<title>\u00d6IN | \u00d6sterreichisches Institut f\u00fcr Nachhaltige Entwicklung<\/title>\n<meta name=\"description\" content=\"\u00d6sterreichisches Institut f\u00fcr Nachhaltige Entwicklung Wissenschaftliche Recherche, Projekte &amp; Veranstaltungen f\u00fcr Umweltschutz.\" \/>\n<meta name=\"robots\" content=\"index, follow, max-snippet:-1, max-image-preview:large, max-video-preview:-1\" \/>\n<link rel=\"canonical\" href=\"https:\/\/oin.at\/en\/oin\/\" \/>\n<meta property=\"og:locale\" content=\"en_GB\" \/>\n<meta property=\"og:type\" content=\"article\" \/>\n<meta property=\"og:title\" content=\"\u00d6IN | \u00d6sterreichisches Institut f\u00fcr Nachhaltige Entwicklung\" \/>\n<meta property=\"og:description\" content=\"\u00d6sterreichisches Institut f\u00fcr Nachhaltige Entwicklung Wissenschaftliche Recherche, Projekte &amp; Veranstaltungen f\u00fcr Umweltschutz.\" \/>\n<meta property=\"og:url\" content=\"https:\/\/oin.at\/en\/oin\/\" \/>\n<meta property=\"og:site_name\" content=\"\u00d6IN\" \/>\n<meta property=\"article:modified_time\" content=\"2021-05-27T09:13:57+00:00\" \/>\n<meta name=\"twitter:card\" content=\"summary_large_image\" \/>\n<meta name=\"twitter:label1\" content=\"Estimated reading time\" \/>\n\t<meta name=\"twitter:data1\" content=\"4 minutes\" \/>\n<script type=\"application\/ld+json\" class=\"yoast-schema-graph\">{\"@context\":\"https:\/\/schema.org\",\"@graph\":[{\"@type\":\"WebPage\",\"@id\":\"https:\/\/oin.at\/oin\",\"url\":\"https:\/\/oin.at\/oin\",\"name\":\"\u00d6IN | \u00d6sterreichisches Institut f\u00fcr Nachhaltige Entwicklung\",\"isPartOf\":{\"@id\":\"https:\/\/oin.at\/#website\"},\"datePublished\":\"2021-02-15T16:15:32+00:00\",\"dateModified\":\"2021-05-27T09:13:57+00:00\",\"description\":\"\u00d6sterreichisches Institut f\u00fcr Nachhaltige Entwicklung Wissenschaftliche Recherche, Projekte & Veranstaltungen f\u00fcr Umweltschutz.\",\"breadcrumb\":{\"@id\":\"https:\/\/oin.at\/oin#breadcrumb\"},\"inLanguage\":\"en-GB\",\"potentialAction\":[{\"@type\":\"ReadAction\",\"target\":[\"https:\/\/oin.at\/oin\"]}]},{\"@type\":\"BreadcrumbList\",\"@id\":\"https:\/\/oin.at\/oin#breadcrumb\",\"itemListElement\":[{\"@type\":\"ListItem\",\"position\":1,\"name\":\"Startseite\",\"item\":\"https:\/\/oin.at\/\"},{\"@type\":\"ListItem\",\"position\":2,\"name\":\"\u00d6IN | \u00d6sterreichisches Institut f\u00fcr Nachhaltige Entwicklung\"}]},{\"@type\":\"WebSite\",\"@id\":\"https:\/\/oin.at\/#website\",\"url\":\"https:\/\/oin.at\/\",\"name\":\"\u00d6IN\",\"description\":\"Institut f\u00fcr Nachhaltige Entwicklung\",\"publisher\":{\"@id\":\"https:\/\/oin.at\/#organization\"},\"potentialAction\":[{\"@type\":\"SearchAction\",\"target\":{\"@type\":\"EntryPoint\",\"urlTemplate\":\"https:\/\/oin.at\/?s={search_term_string}\"},\"query-input\":\"required name=search_term_string\"}],\"inLanguage\":\"en-GB\"},{\"@type\":\"Organization\",\"@id\":\"https:\/\/oin.at\/#organization\",\"name\":\"\u00d6IN | \u00d6sterreichisches Institut f\u00fcr Nachhaltige Entwicklung\",\"url\":\"https:\/\/oin.at\/\",\"logo\":{\"@type\":\"ImageObject\",\"inLanguage\":\"en-GB\",\"@id\":\"https:\/\/oin.at\/#\/schema\/logo\/image\/\",\"url\":\"https:\/\/oin.at\/wp-content\/uploads\/2021\/03\/oinLogo_dt-CMYK-1-e1612797598919.png\",\"contentUrl\":\"https:\/\/oin.at\/wp-content\/uploads\/2021\/03\/oinLogo_dt-CMYK-1-e1612797598919.png\",\"width\":225,\"height\":54,\"caption\":\"\u00d6IN | \u00d6sterreichisches Institut f\u00fcr Nachhaltige Entwicklung\"},\"image\":{\"@id\":\"https:\/\/oin.at\/#\/schema\/logo\/image\/\"}}]}<\/script>\n<!-- \/ Yoast SEO Premium plugin. -->","yoast_head_json":{"title":"\u00d6IN | \u00d6sterreichisches Institut f\u00fcr Nachhaltige Entwicklung","description":"\u00d6sterreichisches Institut f\u00fcr Nachhaltige Entwicklung Wissenschaftliche Recherche, Projekte & Veranstaltungen f\u00fcr Umweltschutz.","robots":{"index":"index","follow":"follow","max-snippet":"max-snippet:-1","max-image-preview":"max-image-preview:large","max-video-preview":"max-video-preview:-1"},"canonical":"https:\/\/oin.at\/en\/oin\/","og_locale":"en_GB","og_type":"article","og_title":"\u00d6IN | \u00d6sterreichisches Institut f\u00fcr Nachhaltige Entwicklung","og_description":"\u00d6sterreichisches Institut f\u00fcr Nachhaltige Entwicklung Wissenschaftliche Recherche, Projekte & Veranstaltungen f\u00fcr Umweltschutz.","og_url":"https:\/\/oin.at\/en\/oin\/","og_site_name":"\u00d6IN","article_modified_time":"2021-05-27T09:13:57+00:00","twitter_card":"summary_large_image","twitter_misc":{"Estimated reading time":"4 minutes"},"schema":{"@context":"https:\/\/schema.org","@graph":[{"@type":"WebPage","@id":"https:\/\/oin.at\/oin","url":"https:\/\/oin.at\/oin","name":"\u00d6IN | \u00d6sterreichisches Institut f\u00fcr Nachhaltige Entwicklung","isPartOf":{"@id":"https:\/\/oin.at\/#website"},"datePublished":"2021-02-15T16:15:32+00:00","dateModified":"2021-05-27T09:13:57+00:00","description":"\u00d6sterreichisches Institut f\u00fcr Nachhaltige Entwicklung Wissenschaftliche Recherche, Projekte & Veranstaltungen f\u00fcr Umweltschutz.","breadcrumb":{"@id":"https:\/\/oin.at\/oin#breadcrumb"},"inLanguage":"en-GB","potentialAction":[{"@type":"ReadAction","target":["https:\/\/oin.at\/oin"]}]},{"@type":"BreadcrumbList","@id":"https:\/\/oin.at\/oin#breadcrumb","itemListElement":[{"@type":"ListItem","position":1,"name":"Startseite","item":"https:\/\/oin.at\/"},{"@type":"ListItem","position":2,"name":"\u00d6IN | \u00d6sterreichisches Institut f\u00fcr Nachhaltige Entwicklung"}]},{"@type":"WebSite","@id":"https:\/\/oin.at\/#website","url":"https:\/\/oin.at\/","name":"\u00d6IN","description":"Institut f\u00fcr Nachhaltige Entwicklung","publisher":{"@id":"https:\/\/oin.at\/#organization"},"potentialAction":[{"@type":"SearchAction","target":{"@type":"EntryPoint","urlTemplate":"https:\/\/oin.at\/?s={search_term_string}"},"query-input":"required name=search_term_string"}],"inLanguage":"en-GB"},{"@type":"Organization","@id":"https:\/\/oin.at\/#organization","name":"\u00d6IN | \u00d6sterreichisches Institut f\u00fcr Nachhaltige Entwicklung","url":"https:\/\/oin.at\/","logo":{"@type":"ImageObject","inLanguage":"en-GB","@id":"https:\/\/oin.at\/#\/schema\/logo\/image\/","url":"https:\/\/oin.at\/wp-content\/uploads\/2021\/03\/oinLogo_dt-CMYK-1-e1612797598919.png","contentUrl":"https:\/\/oin.at\/wp-content\/uploads\/2021\/03\/oinLogo_dt-CMYK-1-e1612797598919.png","width":225,"height":54,"caption":"\u00d6IN | \u00d6sterreichisches Institut f\u00fcr Nachhaltige Entwicklung"},"image":{"@id":"https:\/\/oin.at\/#\/schema\/logo\/image\/"}}]}},"_links":{"self":[{"href":"https:\/\/oin.at\/en\/wp-json\/wp\/v2\/pages\/1738","targetHints":{"allow":["GET"]}}],"collection":[{"href":"https:\/\/oin.at\/en\/wp-json\/wp\/v2\/pages"}],"about":[{"href":"https:\/\/oin.at\/en\/wp-json\/wp\/v2\/types\/page"}],"author":[{"embeddable":true,"href":"https:\/\/oin.at\/en\/wp-json\/wp\/v2\/users\/1"}],"replies":[{"embeddable":true,"href":"https:\/\/oin.at\/en\/wp-json\/wp\/v2\/comments?post=1738"}],"version-history":[{"count":38,"href":"https:\/\/oin.at\/en\/wp-json\/wp\/v2\/pages\/1738\/revisions"}],"predecessor-version":[{"id":2496,"href":"https:\/\/oin.at\/en\/wp-json\/wp\/v2\/pages\/1738\/revisions\/2496"}],"wp:attachment":[{"href":"https:\/\/oin.at\/en\/wp-json\/wp\/v2\/media?parent=1738"}],"wp:term":[{"taxonomy":"folder","embeddable":true,"href":"https:\/\/oin.at\/en\/wp-json\/wp\/v2\/folder?post=1738"}],"curies":[{"name":"wp","href":"https:\/\/api.w.org\/{rel}","templated":true}]}}