{"id":1290,"date":"2021-01-17T13:11:32","date_gmt":"2021-01-17T12:11:32","guid":{"rendered":"https:\/\/oin.icn-software.com\/?page_id=1290"},"modified":"2023-04-02T01:51:47","modified_gmt":"2023-04-01T23:51:47","slug":"startseite","status":"publish","type":"page","link":"https:\/\/oin.at\/en\/","title":{"rendered":"Startseite"},"content":{"rendered":"<section id=\"home\" data-vc-full-width=\"true\" data-vc-full-width-init=\"false\" data-vc-stretch-content=\"true\" class=\"vc_row wpb_row vc_row-fluid oin_slideshow__container--nowidth vc_custom_1612863195621 vc_row-no-padding\" style=\"color: \"><div class=\"wpb_column vc_column_container vc_col-sm-6\"><div class=\"vc_column-inner vc_custom_1611059323921\"><div class=\"wpb_wrapper\"><div class=\"main_slider owl-carousel oin_slideshow oin_slideshow--bg-center oin_slideshow--high\" data-loop=\"true\" data-auto_slider=\"true\" data-duration=\"8000\" data-navigation=\"true\" ><div class=\"item page text-center basic\" style=\"background: url(https:\/\/oin.at\/wp-content\/uploads\/2021\/04\/ProjekteIMG.jpg)\" data-speed=\"10\"><div class=\"caption\">\n                                <div class=\"container\">\n                                    <div class=\"div-table\">\n                                        <div class=\"div-cell\"><div class=\"col-md-10 col-md-offset-1 itemslide\"><h3 class=\"sub_title\">About Our projects!<\/h3><h2 class=\"title\">Projects<\/h2><div class=\"desc\">Here you can find an overview of the projects of \u00d6IN.<\/div><div class=\"button_sc\"><div class=\"sc_button\" ><a href=\"https:\/\/oin.at\/en\/projekte\/\"  \n    \tdata-bg=\"transparent\" data-bg_hover=\"#44cb9a\" data-border_color=\"#fff\" data-border_color_hover=\"#44cb9a\"\n    \tdata-text_color = \"#fff\" data-text_color_hover = \"#fff\" target=\"_blank\" style=\"background-color: transparent; color: #fff; border-radius:4px; margin: 2px 5px;  border-color: #fff; \"\n    \tclass=\"\" >About Our projects!\n    \t<i class=\"fa fa-chevron-circle-right\"><\/i>\n    \t<\/a><\/div> <\/div><\/div><\/div><\/div><\/div><\/div><\/div><div class=\"item page text-center basic\" style=\"background: url(https:\/\/oin.at\/wp-content\/uploads\/2022\/05\/intitutePageImg.jpg)\" data-speed=\"10\"><div class=\"caption\">\n                                <div class=\"container\">\n                                    <div class=\"div-table\">\n                                        <div class=\"div-cell\"><div class=\"col-md-10 col-md-offset-1 itemslide\"><h3 class=\"sub_title\">Austrian Institute for Sustainable Development<\/h3><h2 class=\"title\">\u00d6IN Institute<\/h2><div class=\"desc\"> <\/div><div class=\"button_sc\"><div class=\"sc_button\" ><a href=\"https:\/\/oin.at\/en\/oin\/\"  \n    \tdata-bg=\"transparent\" data-bg_hover=\"#44cb9a\" data-border_color=\"#fff\" data-border_color_hover=\"#44cb9a\"\n    \tdata-text_color = \"#fff\" data-text_color_hover = \"#fff\" target=\"_blank\" style=\"background-color: transparent; color: #fff; border-radius:4px; margin: 2px 5px;  border-color: #fff; \"\n    \tclass=\"\" >About \u00d6IN\n    \t<i class=\"fa fa-chevron-circle-right\"><\/i>\n    \t<\/a><\/div> <\/div><\/div><\/div><\/div><\/div><\/div><\/div><div class=\"item page text-center basic\" style=\"background: url(https:\/\/oin.at\/wp-content\/uploads\/2022\/05\/intitutePageImg.jpg)\" data-speed=\"10\"><div class=\"caption\">\n                                <div class=\"container\">\n                                    <div class=\"div-table\">\n                                        <div class=\"div-cell\"><div class=\"col-md-10 col-md-offset-1 itemslide\"><h3 class=\"sub_title\">Austrian Institute for Sustainable Development<\/h3><h2 class=\"title\">\u00d6IN Institute<\/h2><div class=\"desc\">Hier steht ein Beschreibungstext.<\/div><div class=\"button_sc\"><div class=\"sc_button\" ><a href=\"https:\/\/oin.at\/en\/oin\/\"  \n    \tdata-bg=\"transparent\" data-bg_hover=\"#44cb9a\" data-border_color=\"#fff\" data-border_color_hover=\"#44cb9a\"\n    \tdata-text_color = \"#fff\" data-text_color_hover = \"#fff\" target=\"_blank\" style=\"background-color: transparent; color: #fff; border-radius:4px; margin: 2px 5px;  border-color: #fff; \"\n    \tclass=\"\" >About \u00d6IN\n    \t<i class=\"fa fa-chevron-circle-right\"><\/i>\n    \t<\/a><\/div> <\/div><\/div><\/div><\/div><\/div><\/div><\/div><\/div><\/div><\/div><\/div><div class=\"wpb_column vc_column_container vc_col-sm-6\"><div class=\"vc_column-inner vc_custom_1611059318246\"><div class=\"wpb_wrapper\"><div class=\"main_slider owl-carousel oin_slideshow oin_slideshow--bg-center oin_slideshow--high\" data-loop=\"true\" data-auto_slider=\"true\" data-duration=\"6000\" data-navigation=\"true\" ><div class=\"item page text-center basic\" style=\"background: url(https:\/\/oin.at\/wp-content\/uploads\/2023\/04\/LemniBP11.jpeg)\" data-speed=\"10\"><div class=\"caption\">\n                                <div class=\"container\">\n                                    <div class=\"div-table\">\n                                        <div class=\"div-cell\"><div class=\"col-md-10 col-md-offset-1 itemslide\"><h3 class=\"sub_title\">A GLOBAL JOURNEY. A GLOBAL MOVEMENT.<\/h3><h2 class=\"title\">MONUMENT OF HOPE<\/h2><div class=\"desc\">WORLD TOUR<\/div><div class=\"button_sc\"><div class=\"sc_button\" ><a href=\"https:\/\/monument-of-hope.org\/\"  \n    \tdata-bg=\"transparent\" data-bg_hover=\"#44cb9a\" data-border_color=\"#fff\" data-border_color_hover=\"#44cb9a\"\n    \tdata-text_color = \"#fff\" data-text_color_hover = \"#fff\" target=\"_blank\" style=\"background-color: transparent; color: #fff; border-radius:4px; margin: 2px 5px;  border-color: #fff; \"\n    \tclass=\"\" >To the project\n    \t<i class=\"fa fa-chevron-circle-right\"><\/i>\n    \t<\/a><\/div><\/div><\/div><\/div><\/div><\/div><\/div><\/div><div class=\"item page text-center basic\" style=\"background: url(https:\/\/oin.at\/wp-content\/uploads\/2021\/02\/LMbueffel-CK-scaled.jpg)\" data-speed=\"10\"><div class=\"caption\">\n                                <div class=\"container\">\n                                    <div class=\"div-table\">\n                                        <div class=\"div-cell\"><div class=\"col-md-10 col-md-offset-1 itemslide\"><h3 class=\"sub_title\">Reserva Natural de las Aguas<\/h3><h2 class=\"title\">Las Mercedes<\/h2><div class=\"desc\">Protection of a 600ha core area and 7,000ha adjacent areas from deforestation in Colombia, South America. Transfer of the land to a sustainable agro-forestry system (buffalo farming in the forest) with higher yields compared to the situation without the project.<\/div><div class=\"button_sc\"><div class=\"sc_button\" ><a href=\"https:\/\/oin.at\/en\/las-mercedes\/\"  \n    \tdata-bg=\"transparent\" data-bg_hover=\"#44cb9a\" data-border_color=\"#fff\" data-border_color_hover=\"#44cb9a\"\n    \tdata-text_color = \"#fff\" data-text_color_hover = \"#fff\" target=\"_blank\" style=\"background-color: transparent; color: #fff; border-radius:4px; margin: 2px 5px;  border-color: #fff; \"\n    \tclass=\"\" >To the project\n    \t<i class=\"fa fa-chevron-circle-right\"><\/i>\n    \t<\/a><\/div><\/div><\/div><\/div><\/div><\/div><\/div><\/div><div class=\"item page text-center basic\" style=\"background: url(https:\/\/oin.at\/wp-content\/uploads\/2021\/06\/pexels-niklas-jeromin-5520906-scaled.jpg)\" data-speed=\"10\"><div class=\"caption\">\n                                <div class=\"container\">\n                                    <div class=\"div-table\">\n                                        <div class=\"div-cell\"><div class=\"col-md-10 col-md-offset-1 itemslide\"><h3 class=\"sub_title\">Possibility spaces for a sustainable urban food system.<\/h3><h2 class=\"title\">FeeDINN<\/h2><div class=\"desc\">This project gets the transition processes in the food region of Innsbruck going by\nby creating concrete meeting and action spaces. The aim is to anchor sustainable nutrition planning for the city of Innsbruck through \"multi-level governance\".<\/div><div class=\"button_sc\"><div class=\"sc_button\" ><a href=\"https:\/\/oin.at\/en\/projekte\/projekte-feedinn\/\"  \n    \tdata-bg=\"transparent\" data-bg_hover=\"#44cb9a\" data-border_color=\"#fff\" data-border_color_hover=\"#44cb9a\"\n    \tdata-text_color = \"#fff\" data-text_color_hover = \"#fff\" target=\"_self\" style=\"background-color: transparent; color: #fff; border-radius:4px; margin: 2px 5px;  border-color: #fff; \"\n    \tclass=\"\" >To the project\n    \t<i class=\"fa fa-chevron-circle-right\"><\/i>\n    \t<\/a><\/div>\r\n<\/div><\/div><\/div><\/div><\/div><\/div><\/div><div class=\"item page text-center basic\" style=\"background: url(https:\/\/oin.at\/wp-content\/uploads\/2021\/02\/inklustion2-max.jpg)\" data-speed=\"10\"><div class=\"caption\">\n                                <div class=\"container\">\n                                    <div class=\"div-table\">\n                                        <div class=\"div-cell\"><div class=\"col-md-10 col-md-offset-1 itemslide\"><h3 class=\"sub_title\">Corona Memorial<\/h3><h2 class=\"title\">\"Inklusion\"<\/h2><div class=\"desc\">  Wien, Heldenplatz<\/div><div class=\"button_sc\"><div class=\"sc_button\" ><a href=\"https:\/\/www.coronadenkmal.at\"  \n    \tdata-bg=\"#f74949\" data-bg_hover=\"#44cb9a\" data-border_color=\"#fff\" data-border_color_hover=\"#44cb9a\"\n    \tdata-text_color = \"#fff\" data-text_color_hover = \"#fff\" target=\"_blank\" style=\"background-color: #f74949; color: #fff; border-radius:4px; margin: 2px 5px;  border-color: #fff; \"\n    \tclass=\"\" >To the event!!\n    \t<i class=\"fa fa-chevron-circle-right\"><\/i>\n    \t<\/a><\/div><\/div><\/div><\/div><\/div><\/div><\/div><\/div><\/div><\/div><\/div><\/div><\/section><div class=\"vc_row-full-width vc_clearfix\"><\/div><section data-vc-full-width=\"true\" data-vc-full-width-init=\"false\" data-vc-stretch-content=\"true\" class=\"vc_row wpb_row vc_row-fluid oin_slideshow__container--nowidth vc_custom_1610968168557 vc_row-no-padding\" style=\"color: \"><div class=\"wpb_column vc_column_container vc_col-sm-4\"><div class=\"vc_column-inner vc_custom_1611059323921\"><div class=\"wpb_wrapper\"><div class=\"main_slider owl-carousel oin_slideshow oin_slideshow--bg-center oin_slideshow--small\" data-loop=\"false\" data-auto_slider=\"false\" data-duration=\"3000\" data-navigation=\"false\" ><\/div><\/div><\/div><\/div><div class=\"wpb_column vc_column_container vc_col-sm-4\"><div class=\"vc_column-inner\"><div class=\"wpb_wrapper\"><div class=\"main_slider owl-carousel oin_slideshow oin_slideshow--bg-center oin_slideshow--small\" data-loop=\"false\" data-auto_slider=\"false\" data-duration=\"3000\" data-navigation=\"false\" ><\/div><\/div><\/div><\/div><\/section><div class=\"vc_row-full-width vc_clearfix\"><\/div><section class=\"vc_row wpb_row vc_row-fluid\" style=\"color: \"><div class=\"container\"><div class=\"row\"><div class=\"wpb_column vc_column_container vc_col-sm-12\"><div class=\"vc_column-inner\"><div class=\"wpb_wrapper\">\n\t<div class=\"wpb_video_widget wpb_content_element vc_clearfix   vc_video-aspect-ratio-169 vc_video-el-width-100 vc_video-align-left\" >\n\t\t<div class=\"wpb_wrapper\">\n\t\t\t\n\t\t\t<div class=\"wpb_video_wrapper\"><iframe title=\"Las Mercedes Reserva Natural de Las Aguas ENG\" src=\"https:\/\/player.vimeo.com\/video\/811806341?dnt=1&amp;app_id=122963\" width=\"500\" height=\"281\"  allow=\"autoplay; fullscreen; picture-in-picture; clipboard-write\"><\/iframe><\/div>\n\t\t<\/div>\n\t<\/div>\n<\/div><\/div><\/div><\/div><\/div><\/section>","protected":false},"excerpt":{"rendered":"","protected":false},"author":1,"featured_media":0,"parent":0,"menu_order":0,"comment_status":"closed","ping_status":"closed","template":"templates\/visualcomposer_template.php","meta":{"_mi_skip_tracking":false,"_monsterinsights_sitenote_active":false,"_monsterinsights_sitenote_note":"","_monsterinsights_sitenote_category":0,"footnotes":""},"folder":[38],"class_list":["post-1290","page","type-page","status-publish","hentry"],"yoast_head":"<!-- This site is optimized with the Yoast SEO Premium plugin v16.5 (Yoast SEO v20.13) - https:\/\/yoast.com\/wordpress\/plugins\/seo\/ -->\n<title>\u00d6IN | \u00d6sterreichisches Institut f\u00fcr Nachhaltige Entwicklung<\/title>\n<meta name=\"description\" content=\"\u00d6sterreichisches Institut f\u00fcr Nachhaltige Entwicklung Wissenschaftliche Recherche, Projekte &amp; Veranstaltungen f\u00fcr Umweltschutz.\" \/>\n<meta name=\"robots\" content=\"index, follow, max-snippet:-1, max-image-preview:large, max-video-preview:-1\" \/>\n<link rel=\"canonical\" href=\"https:\/\/oin.at\/en\/\" \/>\n<meta property=\"og:locale\" content=\"en_GB\" \/>\n<meta property=\"og:type\" content=\"article\" \/>\n<meta property=\"og:title\" content=\"Startseite\" \/>\n<meta property=\"og:description\" content=\"\u00d6sterreichisches Institut f\u00fcr Nachhaltige Entwicklung Wissenschaftliche Recherche, Projekte &amp; Veranstaltungen f\u00fcr Umweltschutz.\" \/>\n<meta property=\"og:url\" content=\"https:\/\/oin.at\/en\/\" \/>\n<meta property=\"og:site_name\" content=\"\u00d6IN\" \/>\n<meta property=\"article:modified_time\" content=\"2023-04-01T23:51:47+00:00\" \/>\n<meta name=\"twitter:card\" content=\"summary_large_image\" \/>\n<meta name=\"twitter:label1\" content=\"Estimated reading time\" \/>\n\t<meta name=\"twitter:data1\" content=\"1 minute\" \/>\n<script type=\"application\/ld+json\" class=\"yoast-schema-graph\">{\"@context\":\"https:\/\/schema.org\",\"@graph\":[{\"@type\":\"WebPage\",\"@id\":\"https:\/\/oin.at\/\",\"url\":\"https:\/\/oin.at\/\",\"name\":\"\u00d6IN | \u00d6sterreichisches Institut f\u00fcr Nachhaltige Entwicklung\",\"isPartOf\":{\"@id\":\"https:\/\/oin.at\/#website\"},\"datePublished\":\"2021-01-17T12:11:32+00:00\",\"dateModified\":\"2023-04-01T23:51:47+00:00\",\"description\":\"\u00d6sterreichisches Institut f\u00fcr Nachhaltige Entwicklung Wissenschaftliche Recherche, Projekte & Veranstaltungen f\u00fcr Umweltschutz.\",\"breadcrumb\":{\"@id\":\"https:\/\/oin.at\/#breadcrumb\"},\"inLanguage\":\"en-GB\",\"potentialAction\":[{\"@type\":\"ReadAction\",\"target\":[\"https:\/\/oin.at\/\"]}]},{\"@type\":\"BreadcrumbList\",\"@id\":\"https:\/\/oin.at\/#breadcrumb\",\"itemListElement\":[{\"@type\":\"ListItem\",\"position\":1,\"name\":\"Startseite\",\"item\":\"https:\/\/oin.at\/\"},{\"@type\":\"ListItem\",\"position\":2,\"name\":\"Startseite\"}]},{\"@type\":\"WebSite\",\"@id\":\"https:\/\/oin.at\/#website\",\"url\":\"https:\/\/oin.at\/\",\"name\":\"\u00d6IN\",\"description\":\"Institut f\u00fcr Nachhaltige Entwicklung\",\"publisher\":{\"@id\":\"https:\/\/oin.at\/#organization\"},\"potentialAction\":[{\"@type\":\"SearchAction\",\"target\":{\"@type\":\"EntryPoint\",\"urlTemplate\":\"https:\/\/oin.at\/?s={search_term_string}\"},\"query-input\":\"required name=search_term_string\"}],\"inLanguage\":\"en-GB\"},{\"@type\":\"Organization\",\"@id\":\"https:\/\/oin.at\/#organization\",\"name\":\"\u00d6IN | \u00d6sterreichisches Institut f\u00fcr Nachhaltige Entwicklung\",\"url\":\"https:\/\/oin.at\/\",\"logo\":{\"@type\":\"ImageObject\",\"inLanguage\":\"en-GB\",\"@id\":\"https:\/\/oin.at\/#\/schema\/logo\/image\/\",\"url\":\"https:\/\/oin.at\/wp-content\/uploads\/2021\/03\/oinLogo_dt-CMYK-1-e1612797598919.png\",\"contentUrl\":\"https:\/\/oin.at\/wp-content\/uploads\/2021\/03\/oinLogo_dt-CMYK-1-e1612797598919.png\",\"width\":225,\"height\":54,\"caption\":\"\u00d6IN | \u00d6sterreichisches Institut f\u00fcr Nachhaltige Entwicklung\"},\"image\":{\"@id\":\"https:\/\/oin.at\/#\/schema\/logo\/image\/\"}}]}<\/script>\n<!-- \/ Yoast SEO Premium plugin. -->","yoast_head_json":{"title":"\u00d6IN | \u00d6sterreichisches Institut f\u00fcr Nachhaltige Entwicklung","description":"\u00d6sterreichisches Institut f\u00fcr Nachhaltige Entwicklung Wissenschaftliche Recherche, Projekte & Veranstaltungen f\u00fcr Umweltschutz.","robots":{"index":"index","follow":"follow","max-snippet":"max-snippet:-1","max-image-preview":"max-image-preview:large","max-video-preview":"max-video-preview:-1"},"canonical":"https:\/\/oin.at\/en\/","og_locale":"en_GB","og_type":"article","og_title":"Startseite","og_description":"\u00d6sterreichisches Institut f\u00fcr Nachhaltige Entwicklung Wissenschaftliche Recherche, Projekte & Veranstaltungen f\u00fcr Umweltschutz.","og_url":"https:\/\/oin.at\/en\/","og_site_name":"\u00d6IN","article_modified_time":"2023-04-01T23:51:47+00:00","twitter_card":"summary_large_image","twitter_misc":{"Estimated reading time":"1 minute"},"schema":{"@context":"https:\/\/schema.org","@graph":[{"@type":"WebPage","@id":"https:\/\/oin.at\/","url":"https:\/\/oin.at\/","name":"\u00d6IN | \u00d6sterreichisches Institut f\u00fcr Nachhaltige Entwicklung","isPartOf":{"@id":"https:\/\/oin.at\/#website"},"datePublished":"2021-01-17T12:11:32+00:00","dateModified":"2023-04-01T23:51:47+00:00","description":"\u00d6sterreichisches Institut f\u00fcr Nachhaltige Entwicklung Wissenschaftliche Recherche, Projekte & Veranstaltungen f\u00fcr Umweltschutz.","breadcrumb":{"@id":"https:\/\/oin.at\/#breadcrumb"},"inLanguage":"en-GB","potentialAction":[{"@type":"ReadAction","target":["https:\/\/oin.at\/"]}]},{"@type":"BreadcrumbList","@id":"https:\/\/oin.at\/#breadcrumb","itemListElement":[{"@type":"ListItem","position":1,"name":"Startseite","item":"https:\/\/oin.at\/"},{"@type":"ListItem","position":2,"name":"Startseite"}]},{"@type":"WebSite","@id":"https:\/\/oin.at\/#website","url":"https:\/\/oin.at\/","name":"\u00d6IN","description":"Institut f\u00fcr Nachhaltige Entwicklung","publisher":{"@id":"https:\/\/oin.at\/#organization"},"potentialAction":[{"@type":"SearchAction","target":{"@type":"EntryPoint","urlTemplate":"https:\/\/oin.at\/?s={search_term_string}"},"query-input":"required name=search_term_string"}],"inLanguage":"en-GB"},{"@type":"Organization","@id":"https:\/\/oin.at\/#organization","name":"\u00d6IN | \u00d6sterreichisches Institut f\u00fcr Nachhaltige Entwicklung","url":"https:\/\/oin.at\/","logo":{"@type":"ImageObject","inLanguage":"en-GB","@id":"https:\/\/oin.at\/#\/schema\/logo\/image\/","url":"https:\/\/oin.at\/wp-content\/uploads\/2021\/03\/oinLogo_dt-CMYK-1-e1612797598919.png","contentUrl":"https:\/\/oin.at\/wp-content\/uploads\/2021\/03\/oinLogo_dt-CMYK-1-e1612797598919.png","width":225,"height":54,"caption":"\u00d6IN | \u00d6sterreichisches Institut f\u00fcr Nachhaltige Entwicklung"},"image":{"@id":"https:\/\/oin.at\/#\/schema\/logo\/image\/"}}]}},"_links":{"self":[{"href":"https:\/\/oin.at\/en\/wp-json\/wp\/v2\/pages\/1290","targetHints":{"allow":["GET"]}}],"collection":[{"href":"https:\/\/oin.at\/en\/wp-json\/wp\/v2\/pages"}],"about":[{"href":"https:\/\/oin.at\/en\/wp-json\/wp\/v2\/types\/page"}],"author":[{"embeddable":true,"href":"https:\/\/oin.at\/en\/wp-json\/wp\/v2\/users\/1"}],"replies":[{"embeddable":true,"href":"https:\/\/oin.at\/en\/wp-json\/wp\/v2\/comments?post=1290"}],"version-history":[{"count":183,"href":"https:\/\/oin.at\/en\/wp-json\/wp\/v2\/pages\/1290\/revisions"}],"predecessor-version":[{"id":2815,"href":"https:\/\/oin.at\/en\/wp-json\/wp\/v2\/pages\/1290\/revisions\/2815"}],"wp:attachment":[{"href":"https:\/\/oin.at\/en\/wp-json\/wp\/v2\/media?parent=1290"}],"wp:term":[{"taxonomy":"folder","embeddable":true,"href":"https:\/\/oin.at\/en\/wp-json\/wp\/v2\/folder?post=1290"}],"curies":[{"name":"wp","href":"https:\/\/api.w.org\/{rel}","templated":true}]}}